{"id":508243,"date":"2025-02-11T14:55:41","date_gmt":"2025-02-11T13:55:41","guid":{"rendered":"https:\/\/abc-offices.com\/?page_id=508243"},"modified":"2025-12-01T17:46:30","modified_gmt":"2025-12-01T16:46:30","slug":"traducao-certificada-brasil","status":"publish","type":"page","link":"https:\/\/abc-offices.com\/pt-br\/brasil\/traducao-certificada-brasil\/","title":{"rendered":"Tradu\u00e7\u00e3o certificada Brasil"},"content":{"rendered":"<h2 style=\"text-align: justify;\"><strong>Tradu\u00e7\u00e3o certificada Brasil<\/strong><\/h2>\n<p style=\"text-align: justify;\">Nossa ag\u00eancia, a ABC Translation, \u00e9 especializada h\u00e1 muitos anos na \u00e1rea de tradu\u00e7\u00e3o certificada. De fato, podemos fornecer todos os servi\u00e7os relacionados a essa \u00e1rea, seja para uma tradu\u00e7\u00e3o oficial, uma tradu\u00e7\u00e3o simples ou a necessidade de interpreta\u00e7\u00e3o (tradu\u00e7\u00e3o certificada no Brasil).<\/p>\n<p style=\"text-align: justify;\">Com uma equipe de mais de 1.000 tradutores e int\u00e9rpretes, sabemos como gerenciar qualquer tipo de projeto dentro de prazos extremamente curtos. Qualidade e agilidade s\u00e3o as palavras de ordem para resultados que sempre atendem \u00e0s expectativas de nossos clientes. Estamos presentes em todo o territ\u00f3rio brasileiro. Gra\u00e7as a essa presen\u00e7a e \u00e0 nossa agilidade, conseguimos evoluir e agora oferecemos servi\u00e7os de tradu\u00e7\u00e3o em mais de 60 idiomas diferentes (tradu\u00e7\u00e3o certificada no Brasil).<\/p>\n<h3 style=\"text-align: justify;\"><strong>Tradu\u00e7\u00e3o oficial:<\/strong><\/h3>\n<p style=\"text-align: justify;\">Somos especializados em tradu\u00e7\u00f5es certificadas para facilitar sua vida ao chegar ao Brasil ou em viagens internacionais. As tradu\u00e7\u00f5es s\u00e3o geralmente legalizadas em cart\u00f3rio e, em seguida, autenticadas na Chancelaria com apostila ou legaliza\u00e7\u00e3o de acordo com as conven\u00e7\u00f5es. Os prazos de entrega costumam ser bastante curtos.<\/p>\n<p style=\"text-align: justify;\">Por isso, criamos um sistema que permite traduzir, legalizar e apostilar documentos em tempo recorde. Por exemplo, precisamos de dois dias para realizar todas as etapas em um documento com menos de 5 p\u00e1ginas. Essas tradu\u00e7\u00f5es podem ent\u00e3o ser legalizadas pelo consulado do pa\u00eds de destino, se necess\u00e1rio.<\/p>\n<p style=\"text-align: justify;\">A tradu\u00e7\u00e3o oficial para o reconhecimento de seus diplomas estrangeiros no Brasil tamb\u00e9m faz parte da nossa gama de servi\u00e7os. Traduzimos os documentos e os legalizamos em cart\u00f3rio para que sejam aceitos pelos \u00f3rg\u00e3os competentes. Seu dossi\u00ea estar\u00e1 completo para an\u00e1lise pelas institui\u00e7\u00f5es de reconhecimento.<\/p>\n<h3 style=\"text-align: justify;\"><strong>Idiomas:<\/strong><\/h3>\n<p style=\"text-align: justify;\">Afrikaans | Alban\u00eas | Alem\u00e3o | Americano (Ingl\u00eas) | Am\u00e1rico | Ingl\u00eas | \u00c1rabe | Arm\u00eanio | Aymara | Azerbaijano | Basco | Bengali | Bielorrusso | Birman\u00eas | B\u00f3snio | Brasileiro (Portugu\u00eas) | B\u00falgaro | Canton\u00eas | Catal\u00e3o | Sinhala | Chin\u00eas | Chin\u00eas Simplificado | Chin\u00eas Tradicional | Coreano | Croata | Dinamarqu\u00eas | Dari | Espanhol | Estoniano | Ewe | Farsi | Finland\u00eas | Georgiano | Grego | Guarani | Hebraico | Hindi | H\u00fangaro | Indon\u00e9sio | Italiano | Japon\u00eas | Cazaque | Khmer | Quirguiz | Curdo | Laosiano | Let\u00e3o | Lingala | Lituano | Maced\u00f4nio | Malaio | Malaiala | Mandarim | Mold\u00e1vio | Mongol | Montenegrino | Holand\u00eas | Noruegu\u00eas | Urdu | Uzbeque | Pashto | Punjabi | Persa | Fula | Polon\u00eas | Portugu\u00eas (Portugal) | Quechuan\u00eas | Romeno | Russo | S\u00e9rvio | Eslovaco | Esloveno | Sueco | T\u00e2mil | Tcheco | Tailand\u00eas | Turco | Turcomano | Ucraniano | Vietnamita<\/p>\n<h3 style=\"text-align: justify;\"><strong>Documentos:<\/strong><\/h3>\n<p style=\"text-align: justify;\">Certid\u00e3o de nascimento | Certid\u00e3o de casamento | Certid\u00e3o de estado civil | Atestados | Patentes | Antecedentes criminais | Certificados | Certid\u00e3o de celibato | Certid\u00e3o de \u00f3bito | Certid\u00e3o de fam\u00edlia | Atestado de trabalho | Declara\u00e7\u00e3o de imposto de renda | Diplomas | Passaportes | Carteira de habilita\u00e7\u00e3o | Testamentos | Vistos | Contratos | Certid\u00e3o de div\u00f3rcio | Contrato de casamento | Senten\u00e7as | Processos | Procura\u00e7\u00f5es | Atas<\/p>\n<p style=\"text-align: justify;\">Para outros idiomas, n\u00e3o hesite em <a href=\"https:\/\/abc-offices.com\/pt-br\/\"><u>nos contatar<\/u><\/a>.<\/p>\n<p><img loading=\"lazy\" decoding=\"async\" class=\"aligncenter wp-image-26 size-medium\" src=\"https:\/\/abc-office.ch\/wp-content\/uploads\/2018\/06\/imageedit_1_6241191614-300x300.gif\" alt=\"Tradu\u00e7\u00e3o certificada Brasil\" width=\"300\" height=\"300\" \/><\/p>\n","protected":false},"excerpt":{"rendered":"<p>Tradu\u00e7\u00e3o certificada Brasil Nossa ag\u00eancia, a ABC Translation, \u00e9 especializada h\u00e1 muitos anos na \u00e1rea de tradu\u00e7\u00e3o certificada. De fato, podemos fornecer todos os servi\u00e7os relacionados a essa \u00e1rea, seja para uma tradu\u00e7\u00e3o oficial, uma tradu\u00e7\u00e3o simples ou a necessidade de interpreta\u00e7\u00e3o (tradu\u00e7\u00e3o certificada no Brasil). Com uma equipe de mais de 1.000 tradutores e&#8230;<\/p>\n","protected":false},"author":1,"featured_media":508241,"parent":508240,"menu_order":0,"comment_status":"closed","ping_status":"closed","template":"","meta":{"sfsi_plus_gutenberg_text_before_share":"","sfsi_plus_gutenberg_show_text_before_share":"","sfsi_plus_gutenberg_icon_type":"","sfsi_plus_gutenberg_icon_alignemt":"","sfsi_plus_gutenburg_max_per_row":"","footnotes":""},"class_list":["post-508243","page","type-page","status-publish","has-post-thumbnail","hentry"],"yoast_head":"<!-- This site is optimized with the Yoast SEO plugin v24.4 - https:\/\/yoast.com\/wordpress\/plugins\/seo\/ -->\n<title>Tradu\u00e7\u00e3o certificada Brasil | Tradutor juramentado Brasil<\/title>\n<meta name=\"description\" content=\"ABC Translation | Tradu\u00e7\u00e3o certificada Brasil | Tradutor juramentado Brasil | Tradu\u00e7\u00e3o oficial Brasil | Apostila | Embaixada\" \/>\n<meta name=\"robots\" content=\"index, follow, max-snippet:-1, max-image-preview:large, max-video-preview:-1\" \/>\n<link rel=\"canonical\" href=\"https:\/\/abc-offices.com\/pt-br\/brasil\/traducao-certificada-brasil\/\" \/>\n<meta property=\"og:locale\" content=\"pt_BR\" \/>\n<meta property=\"og:type\" content=\"article\" \/>\n<meta property=\"og:title\" content=\"Tradu\u00e7\u00e3o certificada Brasil | Tradutor juramentado Brasil\" \/>\n<meta property=\"og:description\" content=\"ABC Translation | Tradu\u00e7\u00e3o certificada Brasil | Tradutor juramentado Brasil | Tradu\u00e7\u00e3o oficial Brasil | Apostila | Embaixada\" \/>\n<meta property=\"og:url\" content=\"https:\/\/abc-offices.com\/pt-br\/brasil\/traducao-certificada-brasil\/\" \/>\n<meta property=\"og:site_name\" content=\"ABC Translation\" \/>\n<meta property=\"article:modified_time\" content=\"2025-12-01T16:46:30+00:00\" \/>\n<meta property=\"og:image\" content=\"https:\/\/abc-offices.com\/wp-content\/uploads\/2023\/09\/Brazil.png\" \/>\n\t<meta property=\"og:image:width\" content=\"1200\" \/>\n\t<meta property=\"og:image:height\" content=\"840\" \/>\n\t<meta property=\"og:image:type\" content=\"image\/png\" \/>\n<meta name=\"twitter:card\" content=\"summary_large_image\" \/>\n<meta name=\"twitter:label1\" content=\"Est. tempo de leitura\" \/>\n\t<meta name=\"twitter:data1\" content=\"3 minutos\" \/>\n<script type=\"application\/ld+json\" class=\"yoast-schema-graph\">{\"@context\":\"https:\/\/schema.org\",\"@graph\":[{\"@type\":\"WebPage\",\"@id\":\"https:\/\/abc-offices.com\/pt-br\/brasil\/traducao-certificada-brasil\/\",\"url\":\"https:\/\/abc-offices.com\/pt-br\/brasil\/traducao-certificada-brasil\/\",\"name\":\"Tradu\u00e7\u00e3o certificada Brasil | Tradutor juramentado Brasil\",\"isPartOf\":{\"@id\":\"https:\/\/abc-offices.com\/#website\"},\"primaryImageOfPage\":{\"@id\":\"https:\/\/abc-offices.com\/pt-br\/brasil\/traducao-certificada-brasil\/#primaryimage\"},\"image\":{\"@id\":\"https:\/\/abc-offices.com\/pt-br\/brasil\/traducao-certificada-brasil\/#primaryimage\"},\"thumbnailUrl\":\"https:\/\/abc-offices.com\/wp-content\/uploads\/2023\/09\/Brazil.png\",\"datePublished\":\"2025-02-11T13:55:41+00:00\",\"dateModified\":\"2025-12-01T16:46:30+00:00\",\"description\":\"ABC Translation | Tradu\u00e7\u00e3o certificada Brasil | Tradutor juramentado Brasil | Tradu\u00e7\u00e3o oficial Brasil | Apostila | Embaixada\",\"breadcrumb\":{\"@id\":\"https:\/\/abc-offices.com\/pt-br\/brasil\/traducao-certificada-brasil\/#breadcrumb\"},\"inLanguage\":\"pt-BR\",\"potentialAction\":[{\"@type\":\"ReadAction\",\"target\":[\"https:\/\/abc-offices.com\/pt-br\/brasil\/traducao-certificada-brasil\/\"]}]},{\"@type\":\"ImageObject\",\"inLanguage\":\"pt-BR\",\"@id\":\"https:\/\/abc-offices.com\/pt-br\/brasil\/traducao-certificada-brasil\/#primaryimage\",\"url\":\"https:\/\/abc-offices.com\/wp-content\/uploads\/2023\/09\/Brazil.png\",\"contentUrl\":\"https:\/\/abc-offices.com\/wp-content\/uploads\/2023\/09\/Brazil.png\",\"width\":1200,\"height\":840},{\"@type\":\"BreadcrumbList\",\"@id\":\"https:\/\/abc-offices.com\/pt-br\/brasil\/traducao-certificada-brasil\/#breadcrumb\",\"itemListElement\":[{\"@type\":\"ListItem\",\"position\":1,\"name\":\"Accueil\",\"item\":\"https:\/\/abc-offices.com\/pt-br\/\"},{\"@type\":\"ListItem\",\"position\":2,\"name\":\"Brasil\",\"item\":\"https:\/\/abc-offices.com\/pt-br\/brasil\/\"},{\"@type\":\"ListItem\",\"position\":3,\"name\":\"Tradu\u00e7\u00e3o certificada Brasil\"}]},{\"@type\":\"WebSite\",\"@id\":\"https:\/\/abc-offices.com\/#website\",\"url\":\"https:\/\/abc-offices.com\/\",\"name\":\"ABC Translation\",\"description\":\"info@abc-offices.com\",\"potentialAction\":[{\"@type\":\"SearchAction\",\"target\":{\"@type\":\"EntryPoint\",\"urlTemplate\":\"https:\/\/abc-offices.com\/?s={search_term_string}\"},\"query-input\":{\"@type\":\"PropertyValueSpecification\",\"valueRequired\":true,\"valueName\":\"search_term_string\"}}],\"inLanguage\":\"pt-BR\"}]}<\/script>\n<!-- \/ Yoast SEO plugin. -->","yoast_head_json":{"title":"Tradu\u00e7\u00e3o certificada Brasil | Tradutor juramentado Brasil","description":"ABC Translation | Tradu\u00e7\u00e3o certificada Brasil | Tradutor juramentado Brasil | Tradu\u00e7\u00e3o oficial Brasil | Apostila | Embaixada","robots":{"index":"index","follow":"follow","max-snippet":"max-snippet:-1","max-image-preview":"max-image-preview:large","max-video-preview":"max-video-preview:-1"},"canonical":"https:\/\/abc-offices.com\/pt-br\/brasil\/traducao-certificada-brasil\/","og_locale":"pt_BR","og_type":"article","og_title":"Tradu\u00e7\u00e3o certificada Brasil | Tradutor juramentado Brasil","og_description":"ABC Translation | Tradu\u00e7\u00e3o certificada Brasil | Tradutor juramentado Brasil | Tradu\u00e7\u00e3o oficial Brasil | Apostila | Embaixada","og_url":"https:\/\/abc-offices.com\/pt-br\/brasil\/traducao-certificada-brasil\/","og_site_name":"ABC Translation","article_modified_time":"2025-12-01T16:46:30+00:00","og_image":[{"width":1200,"height":840,"url":"https:\/\/abc-offices.com\/wp-content\/uploads\/2023\/09\/Brazil.png","type":"image\/png"}],"twitter_card":"summary_large_image","twitter_misc":{"Est. tempo de leitura":"3 minutos"},"schema":{"@context":"https:\/\/schema.org","@graph":[{"@type":"WebPage","@id":"https:\/\/abc-offices.com\/pt-br\/brasil\/traducao-certificada-brasil\/","url":"https:\/\/abc-offices.com\/pt-br\/brasil\/traducao-certificada-brasil\/","name":"Tradu\u00e7\u00e3o certificada Brasil | Tradutor juramentado Brasil","isPartOf":{"@id":"https:\/\/abc-offices.com\/#website"},"primaryImageOfPage":{"@id":"https:\/\/abc-offices.com\/pt-br\/brasil\/traducao-certificada-brasil\/#primaryimage"},"image":{"@id":"https:\/\/abc-offices.com\/pt-br\/brasil\/traducao-certificada-brasil\/#primaryimage"},"thumbnailUrl":"https:\/\/abc-offices.com\/wp-content\/uploads\/2023\/09\/Brazil.png","datePublished":"2025-02-11T13:55:41+00:00","dateModified":"2025-12-01T16:46:30+00:00","description":"ABC Translation | Tradu\u00e7\u00e3o certificada Brasil | Tradutor juramentado Brasil | Tradu\u00e7\u00e3o oficial Brasil | Apostila | Embaixada","breadcrumb":{"@id":"https:\/\/abc-offices.com\/pt-br\/brasil\/traducao-certificada-brasil\/#breadcrumb"},"inLanguage":"pt-BR","potentialAction":[{"@type":"ReadAction","target":["https:\/\/abc-offices.com\/pt-br\/brasil\/traducao-certificada-brasil\/"]}]},{"@type":"ImageObject","inLanguage":"pt-BR","@id":"https:\/\/abc-offices.com\/pt-br\/brasil\/traducao-certificada-brasil\/#primaryimage","url":"https:\/\/abc-offices.com\/wp-content\/uploads\/2023\/09\/Brazil.png","contentUrl":"https:\/\/abc-offices.com\/wp-content\/uploads\/2023\/09\/Brazil.png","width":1200,"height":840},{"@type":"BreadcrumbList","@id":"https:\/\/abc-offices.com\/pt-br\/brasil\/traducao-certificada-brasil\/#breadcrumb","itemListElement":[{"@type":"ListItem","position":1,"name":"Accueil","item":"https:\/\/abc-offices.com\/pt-br\/"},{"@type":"ListItem","position":2,"name":"Brasil","item":"https:\/\/abc-offices.com\/pt-br\/brasil\/"},{"@type":"ListItem","position":3,"name":"Tradu\u00e7\u00e3o certificada Brasil"}]},{"@type":"WebSite","@id":"https:\/\/abc-offices.com\/#website","url":"https:\/\/abc-offices.com\/","name":"ABC Translation","description":"info@abc-offices.com","potentialAction":[{"@type":"SearchAction","target":{"@type":"EntryPoint","urlTemplate":"https:\/\/abc-offices.com\/?s={search_term_string}"},"query-input":{"@type":"PropertyValueSpecification","valueRequired":true,"valueName":"search_term_string"}}],"inLanguage":"pt-BR"}]}},"_links":{"self":[{"href":"https:\/\/abc-offices.com\/pt-br\/wp-json\/wp\/v2\/pages\/508243","targetHints":{"allow":["GET"]}}],"collection":[{"href":"https:\/\/abc-offices.com\/pt-br\/wp-json\/wp\/v2\/pages"}],"about":[{"href":"https:\/\/abc-offices.com\/pt-br\/wp-json\/wp\/v2\/types\/page"}],"author":[{"embeddable":true,"href":"https:\/\/abc-offices.com\/pt-br\/wp-json\/wp\/v2\/users\/1"}],"replies":[{"embeddable":true,"href":"https:\/\/abc-offices.com\/pt-br\/wp-json\/wp\/v2\/comments?post=508243"}],"version-history":[{"count":1,"href":"https:\/\/abc-offices.com\/pt-br\/wp-json\/wp\/v2\/pages\/508243\/revisions"}],"predecessor-version":[{"id":508247,"href":"https:\/\/abc-offices.com\/pt-br\/wp-json\/wp\/v2\/pages\/508243\/revisions\/508247"}],"up":[{"embeddable":true,"href":"https:\/\/abc-offices.com\/pt-br\/wp-json\/wp\/v2\/pages\/508240"}],"wp:featuredmedia":[{"embeddable":true,"href":"https:\/\/abc-offices.com\/pt-br\/wp-json\/wp\/v2\/media\/508241"}],"wp:attachment":[{"href":"https:\/\/abc-offices.com\/pt-br\/wp-json\/wp\/v2\/media?parent=508243"}],"curies":[{"name":"wp","href":"https:\/\/api.w.org\/{rel}","templated":true}]}}