{"id":508240,"date":"2023-09-11T11:44:09","date_gmt":"2023-09-11T09:44:09","guid":{"rendered":"https:\/\/abc-offices.com\/?page_id=508240"},"modified":"2025-12-01T17:40:30","modified_gmt":"2025-12-01T16:40:30","slug":"brasil","status":"publish","type":"page","link":"https:\/\/abc-offices.com\/pt-br\/brasil\/","title":{"rendered":"Brasil"},"content":{"rendered":"<h2><strong>Brasil<\/strong><\/h2>\n<p style=\"text-align: justify;\">Nossa ag\u00eancia de tradu\u00e7\u00e3o e legaliza\u00e7\u00e3o \u00e9 especializada em tradu\u00e7\u00f5es certificadas e juramentadas em mais de 80 idiomas, al\u00e9m de servi\u00e7os de legaliza\u00e7\u00e3o. Nossa equipe, sediada no Brasil, pode processar sua solicita\u00e7\u00e3o rapidamente. Precisamos apenas de uma c\u00f3pia dos documentos a serem traduzidos (aceitamos todos os formatos). <strong>Os documentos originais n\u00e3o s\u00e3o mais necess\u00e1rios.<\/strong> (Brasil).<\/p>\n<ol style=\"text-align: justify;\">\n<li>Em primeiro lugar, fique \u00e0 vontade para usar nosso endere\u00e7o de e-mail (<a href=\"mailto:info@abc-offices.com\">info@abc-offices.com<\/a>), o formul\u00e1rio de contato ou tamb\u00e9m o nosso link do WhatsApp.<\/li>\n<li>Em segundo lugar, por favor, mencione o <strong>idioma<\/strong> no qual deseja receber a tradu\u00e7\u00e3o, se precisa que a tradu\u00e7\u00e3o seja legalizada por um tabeli\u00e3o e\/ou apostilada (Chancelaria) e se precisa de legaliza\u00e7\u00e3o atrav\u00e9s da embaixada ou do consulado.<\/li>\n<li>Em terceiro lugar, um dos nossos gerentes de projeto lhe fornecer\u00e1 rapidamente um or\u00e7amento, mencionando o pre\u00e7o e o prazo de entrega deste projeto. Normalmente, respondemos em at\u00e9 30 minutos. No entanto, caso n\u00e3o receba uma resposta em menos de uma hora, entre em contato conosco por telefone.<\/li>\n<li>Em quarto lugar, e o mais importante, assim que o or\u00e7amento for aceito, iniciaremos o processo de tradu\u00e7\u00e3o ou legaliza\u00e7\u00e3o e enviaremos as tradu\u00e7\u00f5es certificadas e\/ou as legaliza\u00e7\u00f5es por correio. Caso tamb\u00e9m precise de uma c\u00f3pia da tradu\u00e7\u00e3o e da legaliza\u00e7\u00e3o por e-mail, informe o gerente de projetos e a enviaremos por e-mail antes do envio dos originais.<\/li>\n<\/ol>\n<p style=\"text-align: justify;\"><strong>Em termos de prazo de entrega, <\/strong>as tradu\u00e7\u00f5es certificadas e\/ou legaliza\u00e7\u00f5es s\u00e3o enviadas por correio, DHL e\/ou e-mail dentro de <strong>2 a 3 dias \u00fateis<\/strong>. No entanto, esse prazo tamb\u00e9m depende do volume e do n\u00edvel de complexidade dos documentos. Por exemplo, voc\u00ea dever\u00e1 receber um documento de uma p\u00e1gina em at\u00e9 2 dias \u00fateis via correio.<\/p>\n<p style=\"text-align: justify;\"><strong>Segue abaixo uma lista dos nossos principais idiomas.<\/strong><\/p>\n<p style=\"text-align: justify;\">Afrikaans | Alban\u00eas | Alem\u00e3o | Americano (Ingl\u00eas) | Am\u00e1rico | Ingl\u00eas | \u00c1rabe | Arm\u00eanio | Aymara | Azerbaijano | Basco | Bengali | Bielorrusso | Birman\u00eas | B\u00f3snio | Brasileiro (Portugu\u00eas) | B\u00falgaro | Canton\u00eas | Catal\u00e3o | Sinhala | Chin\u00eas | Chin\u00eas Simplificado | Chin\u00eas Tradicional | Coreano | Croata | Dinamarqu\u00eas | Dari | Espanhol | Estoniano | Ewe | Farsi | Finland\u00eas | Georgiano | Grego | Guarani | Hebraico | Hindi | H\u00fangaro | Indon\u00e9sio | Italiano | Japon\u00eas | Cazaque | Khmer | Quirguiz | Curdo | Laosiano | Let\u00e3o | Lingala | Lituano | Maced\u00f4nio | Malaio | Malaiala | Mandarim | Mold\u00e1vio | Mongol | Montenegrino | Holand\u00eas | Noruegu\u00eas | Urdu | Uzbeque | Pashto | Punjabi | Persa | Fula | Polon\u00eas | Portugu\u00eas (Portugal) | Quechuan\u00eas | Romeno | Russo | S\u00e9rvio | Eslovaco | Esloveno | Sueco | T\u00e2mil | Tcheco | Tailand\u00eas | Turco | Turcomano | Ucraniano | Vietnamita<\/p>\n<p style=\"text-align: justify;\"><strong>Segue uma lista n\u00e3o exaustiva de documentos:<\/strong><\/p>\n<p style=\"text-align: justify;\">Certid\u00e3o de nascimento | Certid\u00e3o de casamento | Certid\u00e3o de estado civil | Atestados | Patentes | Antecedentes criminais | Certificados | Certid\u00e3o de celibato | Certid\u00e3o de \u00f3bito | Certid\u00e3o de fam\u00edlia | Atestado de trabalho | Declara\u00e7\u00e3o de imposto de renda | Diplomas | Passaportes | Carteira de habilita\u00e7\u00e3o | Testamentos | Vistos | Contratos | Certid\u00e3o de div\u00f3rcio | Contrato de casamento | Senten\u00e7as | Processos | Procura\u00e7\u00f5es | Atas<\/p>\n<p style=\"text-align: justify;\"><strong>Tipos comuns de certifica\u00e7\u00f5es\/legaliza\u00e7\u00f5es para tradu\u00e7\u00f5es (Brasil):<\/strong><\/p>\n<ul style=\"text-align: justify;\">\n<li>Tradu\u00e7\u00e3o certificada: fornecemos a tradu\u00e7\u00e3o com nosso carimbo e assinatura.<\/li>\n<li>Tradu\u00e7\u00e3o certificada aprovada pela ABRATES.<\/li>\n<li>Tradu\u00e7\u00e3o legalizada: o tabeli\u00e3o legaliza a assinatura do tradutor na tradu\u00e7\u00e3o.<\/li>\n<li>Tradu\u00e7\u00e3o com apostilamento: a chancelaria legaliza a assinatura do tabeli\u00e3o.<\/li>\n<li>Tradu\u00e7\u00e3o legalizada por embaixada ou consulado: a embaixada ou o consulado legaliza a tradu\u00e7\u00e3o para uso no exterior.<\/li>\n<\/ul>\n<p style=\"text-align: justify;\"><strong>Tipos comuns de legaliza\u00e7\u00f5es para uso oficial (Brasil):<\/strong><\/p>\n<ul style=\"text-align: justify;\">\n<li>Legaliza\u00e7\u00e3o por apostila: os pa\u00edses signat\u00e1rios da Conven\u00e7\u00e3o de Haia reconhecem o valor de um documento sem visto de um consulado ou embaixada, desde que contenha a legaliza\u00e7\u00e3o por apostila.<\/li>\n<li>Legaliza\u00e7\u00e3o por embaixada ou consulado: para que os documentos sejam v\u00e1lidos em alguns pa\u00edses, como a China, eles devem ser legalizados na embaixada ou no consulado. Todos os documentos devem ser legalizados por um tabeli\u00e3o e pela chancelaria antes que a embaixada ou o consulado possam apor suas legaliza\u00e7\u00f5es.<\/li>\n<li>C\u00f3pia autenticada: uma c\u00f3pia autenticada, tamb\u00e9m chamada de Vidimus ou Brevet, \u00e9 uma c\u00f3pia cuja conformidade com o documento original foi reconhecida por um tabeli\u00e3o. Quando os documentos originais s\u00e3o emitidos por autoridades estrangeiras, certas institui\u00e7\u00f5es exigem c\u00f3pias autenticadas por um tabeli\u00e3o. O mesmo se aplica a documentos enviados para o exterior.<\/li>\n<li>Visto: um visto \u00e9 uma legaliza\u00e7\u00e3o feita em uma c\u00f3pia do original. Caso voc\u00ea n\u00e3o possua o original, ainda poderemos legalizar a c\u00f3pia.<\/li>\n<li>Legaliza\u00e7\u00e3o de assinatura: ao legalizar uma assinatura, o tabeli\u00e3o atesta sua autenticidade: a assinatura que aparece na parte inferior de um documento \u00e9 a da pessoa que alega t\u00ea-lo assinado. Isso \u00e9 usado principalmente para <strong>procura\u00e7\u00f5es<\/strong>.<\/li>\n<\/ul>\n<p style=\"text-align: justify;\">Como resultado, e gra\u00e7as \u00e0 certifica\u00e7\u00e3o adequada, as tradu\u00e7\u00f5es e legaliza\u00e7\u00f5es ser\u00e3o aceitas no Brasil e no exterior. Para qualquer d\u00favida sobre o tipo de certifica\u00e7\u00e3o ou legaliza\u00e7\u00e3o necess\u00e1ria para seus documentos, n\u00e3o hesite em contatar nossa equipe. Orientaremos voc\u00ea durante todo o processo (Brasil).<\/p>\n<p style=\"text-align: justify;\">Aguardamos ansiosamente a oportunidade de colaborar com voc\u00ea.<\/p>\n<p style=\"text-align: justify;\"><a href=\"https:\/\/abc-offices.com\/pt-br\/\">ABC Translation LLC<\/a><\/p>\n<p><img loading=\"lazy\" decoding=\"async\" class=\"aligncenter wp-image-271\" src=\"https:\/\/abc-office.ch\/wp-content\/uploads\/2018\/06\/imageedit_1_6241191614.gif\" alt=\"Brasil\" width=\"437\" height=\"437\" \/><\/p>\n","protected":false},"excerpt":{"rendered":"<p>Brasil Nossa ag\u00eancia de tradu\u00e7\u00e3o e legaliza\u00e7\u00e3o \u00e9 especializada em tradu\u00e7\u00f5es certificadas e juramentadas em mais de 80 idiomas, al\u00e9m de servi\u00e7os de legaliza\u00e7\u00e3o. Nossa equipe, sediada no Brasil, pode processar sua solicita\u00e7\u00e3o rapidamente. Precisamos apenas de uma c\u00f3pia dos documentos a serem traduzidos (aceitamos todos os formatos). Os documentos originais n\u00e3o s\u00e3o mais necess\u00e1rios&#8230;.<\/p>\n","protected":false},"author":1,"featured_media":508241,"parent":0,"menu_order":0,"comment_status":"closed","ping_status":"closed","template":"","meta":{"sfsi_plus_gutenberg_text_before_share":"","sfsi_plus_gutenberg_show_text_before_share":"","sfsi_plus_gutenberg_icon_type":"","sfsi_plus_gutenberg_icon_alignemt":"","sfsi_plus_gutenburg_max_per_row":"","footnotes":""},"class_list":["post-508240","page","type-page","status-publish","has-post-thumbnail","hentry"],"yoast_head":"<!-- This site is optimized with the Yoast SEO plugin v24.4 - https:\/\/yoast.com\/wordpress\/plugins\/seo\/ -->\n<title>Tradu\u00e7\u00e3o certificada Brasil | Tradutor juramentado | Legaliza\u00e7\u00e3o<\/title>\n<meta name=\"description\" content=\"ABC Translation | Tradu\u00e7\u00e3o certificada Brasil | Tradutor juramentado Brasil | Legaliza\u00e7\u00e3o por tabeli\u00e3o | apostila | Consulado | Embaixada\" \/>\n<meta name=\"robots\" content=\"index, follow, max-snippet:-1, max-image-preview:large, max-video-preview:-1\" \/>\n<link rel=\"canonical\" href=\"https:\/\/abc-offices.com\/pt-br\/brasil\/\" \/>\n<meta property=\"og:locale\" content=\"pt_BR\" \/>\n<meta property=\"og:type\" content=\"article\" \/>\n<meta property=\"og:title\" content=\"Tradu\u00e7\u00e3o certificada Brasil | Tradutor juramentado | Legaliza\u00e7\u00e3o\" \/>\n<meta property=\"og:description\" content=\"ABC Translation | Tradu\u00e7\u00e3o certificada Brasil | Tradutor juramentado Brasil | Legaliza\u00e7\u00e3o por tabeli\u00e3o | apostila | Consulado | Embaixada\" \/>\n<meta property=\"og:url\" content=\"https:\/\/abc-offices.com\/pt-br\/brasil\/\" \/>\n<meta property=\"og:site_name\" content=\"ABC Translation\" \/>\n<meta property=\"article:modified_time\" content=\"2025-12-01T16:40:30+00:00\" \/>\n<meta property=\"og:image\" content=\"https:\/\/abc-offices.com\/wp-content\/uploads\/2023\/09\/Brazil.png\" \/>\n\t<meta property=\"og:image:width\" content=\"1200\" \/>\n\t<meta property=\"og:image:height\" content=\"840\" \/>\n\t<meta property=\"og:image:type\" content=\"image\/png\" \/>\n<meta name=\"twitter:card\" content=\"summary_large_image\" \/>\n<meta name=\"twitter:label1\" content=\"Est. tempo de leitura\" \/>\n\t<meta name=\"twitter:data1\" content=\"4 minutos\" \/>\n<script type=\"application\/ld+json\" class=\"yoast-schema-graph\">{\"@context\":\"https:\/\/schema.org\",\"@graph\":[{\"@type\":\"WebPage\",\"@id\":\"https:\/\/abc-offices.com\/pt-br\/brasil\/\",\"url\":\"https:\/\/abc-offices.com\/pt-br\/brasil\/\",\"name\":\"Tradu\u00e7\u00e3o certificada Brasil | Tradutor juramentado | Legaliza\u00e7\u00e3o\",\"isPartOf\":{\"@id\":\"https:\/\/abc-offices.com\/#website\"},\"primaryImageOfPage\":{\"@id\":\"https:\/\/abc-offices.com\/pt-br\/brasil\/#primaryimage\"},\"image\":{\"@id\":\"https:\/\/abc-offices.com\/pt-br\/brasil\/#primaryimage\"},\"thumbnailUrl\":\"https:\/\/abc-offices.com\/wp-content\/uploads\/2023\/09\/Brazil.png\",\"datePublished\":\"2023-09-11T09:44:09+00:00\",\"dateModified\":\"2025-12-01T16:40:30+00:00\",\"description\":\"ABC Translation | Tradu\u00e7\u00e3o certificada Brasil | Tradutor juramentado Brasil | Legaliza\u00e7\u00e3o por tabeli\u00e3o | apostila | Consulado | Embaixada\",\"breadcrumb\":{\"@id\":\"https:\/\/abc-offices.com\/pt-br\/brasil\/#breadcrumb\"},\"inLanguage\":\"pt-BR\",\"potentialAction\":[{\"@type\":\"ReadAction\",\"target\":[\"https:\/\/abc-offices.com\/pt-br\/brasil\/\"]}]},{\"@type\":\"ImageObject\",\"inLanguage\":\"pt-BR\",\"@id\":\"https:\/\/abc-offices.com\/pt-br\/brasil\/#primaryimage\",\"url\":\"https:\/\/abc-offices.com\/wp-content\/uploads\/2023\/09\/Brazil.png\",\"contentUrl\":\"https:\/\/abc-offices.com\/wp-content\/uploads\/2023\/09\/Brazil.png\",\"width\":1200,\"height\":840},{\"@type\":\"BreadcrumbList\",\"@id\":\"https:\/\/abc-offices.com\/pt-br\/brasil\/#breadcrumb\",\"itemListElement\":[{\"@type\":\"ListItem\",\"position\":1,\"name\":\"Accueil\",\"item\":\"https:\/\/abc-offices.com\/pt-br\/\"},{\"@type\":\"ListItem\",\"position\":2,\"name\":\"Brasil\"}]},{\"@type\":\"WebSite\",\"@id\":\"https:\/\/abc-offices.com\/#website\",\"url\":\"https:\/\/abc-offices.com\/\",\"name\":\"ABC Translation\",\"description\":\"info@abc-offices.com\",\"potentialAction\":[{\"@type\":\"SearchAction\",\"target\":{\"@type\":\"EntryPoint\",\"urlTemplate\":\"https:\/\/abc-offices.com\/?s={search_term_string}\"},\"query-input\":{\"@type\":\"PropertyValueSpecification\",\"valueRequired\":true,\"valueName\":\"search_term_string\"}}],\"inLanguage\":\"pt-BR\"}]}<\/script>\n<!-- \/ Yoast SEO plugin. -->","yoast_head_json":{"title":"Tradu\u00e7\u00e3o certificada Brasil | Tradutor juramentado | Legaliza\u00e7\u00e3o","description":"ABC Translation | Tradu\u00e7\u00e3o certificada Brasil | Tradutor juramentado Brasil | Legaliza\u00e7\u00e3o por tabeli\u00e3o | apostila | Consulado | Embaixada","robots":{"index":"index","follow":"follow","max-snippet":"max-snippet:-1","max-image-preview":"max-image-preview:large","max-video-preview":"max-video-preview:-1"},"canonical":"https:\/\/abc-offices.com\/pt-br\/brasil\/","og_locale":"pt_BR","og_type":"article","og_title":"Tradu\u00e7\u00e3o certificada Brasil | Tradutor juramentado | Legaliza\u00e7\u00e3o","og_description":"ABC Translation | Tradu\u00e7\u00e3o certificada Brasil | Tradutor juramentado Brasil | Legaliza\u00e7\u00e3o por tabeli\u00e3o | apostila | Consulado | Embaixada","og_url":"https:\/\/abc-offices.com\/pt-br\/brasil\/","og_site_name":"ABC Translation","article_modified_time":"2025-12-01T16:40:30+00:00","og_image":[{"width":1200,"height":840,"url":"https:\/\/abc-offices.com\/wp-content\/uploads\/2023\/09\/Brazil.png","type":"image\/png"}],"twitter_card":"summary_large_image","twitter_misc":{"Est. tempo de leitura":"4 minutos"},"schema":{"@context":"https:\/\/schema.org","@graph":[{"@type":"WebPage","@id":"https:\/\/abc-offices.com\/pt-br\/brasil\/","url":"https:\/\/abc-offices.com\/pt-br\/brasil\/","name":"Tradu\u00e7\u00e3o certificada Brasil | Tradutor juramentado | Legaliza\u00e7\u00e3o","isPartOf":{"@id":"https:\/\/abc-offices.com\/#website"},"primaryImageOfPage":{"@id":"https:\/\/abc-offices.com\/pt-br\/brasil\/#primaryimage"},"image":{"@id":"https:\/\/abc-offices.com\/pt-br\/brasil\/#primaryimage"},"thumbnailUrl":"https:\/\/abc-offices.com\/wp-content\/uploads\/2023\/09\/Brazil.png","datePublished":"2023-09-11T09:44:09+00:00","dateModified":"2025-12-01T16:40:30+00:00","description":"ABC Translation | Tradu\u00e7\u00e3o certificada Brasil | Tradutor juramentado Brasil | Legaliza\u00e7\u00e3o por tabeli\u00e3o | apostila | Consulado | Embaixada","breadcrumb":{"@id":"https:\/\/abc-offices.com\/pt-br\/brasil\/#breadcrumb"},"inLanguage":"pt-BR","potentialAction":[{"@type":"ReadAction","target":["https:\/\/abc-offices.com\/pt-br\/brasil\/"]}]},{"@type":"ImageObject","inLanguage":"pt-BR","@id":"https:\/\/abc-offices.com\/pt-br\/brasil\/#primaryimage","url":"https:\/\/abc-offices.com\/wp-content\/uploads\/2023\/09\/Brazil.png","contentUrl":"https:\/\/abc-offices.com\/wp-content\/uploads\/2023\/09\/Brazil.png","width":1200,"height":840},{"@type":"BreadcrumbList","@id":"https:\/\/abc-offices.com\/pt-br\/brasil\/#breadcrumb","itemListElement":[{"@type":"ListItem","position":1,"name":"Accueil","item":"https:\/\/abc-offices.com\/pt-br\/"},{"@type":"ListItem","position":2,"name":"Brasil"}]},{"@type":"WebSite","@id":"https:\/\/abc-offices.com\/#website","url":"https:\/\/abc-offices.com\/","name":"ABC Translation","description":"info@abc-offices.com","potentialAction":[{"@type":"SearchAction","target":{"@type":"EntryPoint","urlTemplate":"https:\/\/abc-offices.com\/?s={search_term_string}"},"query-input":{"@type":"PropertyValueSpecification","valueRequired":true,"valueName":"search_term_string"}}],"inLanguage":"pt-BR"}]}},"_links":{"self":[{"href":"https:\/\/abc-offices.com\/pt-br\/wp-json\/wp\/v2\/pages\/508240","targetHints":{"allow":["GET"]}}],"collection":[{"href":"https:\/\/abc-offices.com\/pt-br\/wp-json\/wp\/v2\/pages"}],"about":[{"href":"https:\/\/abc-offices.com\/pt-br\/wp-json\/wp\/v2\/types\/page"}],"author":[{"embeddable":true,"href":"https:\/\/abc-offices.com\/pt-br\/wp-json\/wp\/v2\/users\/1"}],"replies":[{"embeddable":true,"href":"https:\/\/abc-offices.com\/pt-br\/wp-json\/wp\/v2\/comments?post=508240"}],"version-history":[{"count":1,"href":"https:\/\/abc-offices.com\/pt-br\/wp-json\/wp\/v2\/pages\/508240\/revisions"}],"predecessor-version":[{"id":508242,"href":"https:\/\/abc-offices.com\/pt-br\/wp-json\/wp\/v2\/pages\/508240\/revisions\/508242"}],"wp:featuredmedia":[{"embeddable":true,"href":"https:\/\/abc-offices.com\/pt-br\/wp-json\/wp\/v2\/media\/508241"}],"wp:attachment":[{"href":"https:\/\/abc-offices.com\/pt-br\/wp-json\/wp\/v2\/media?parent=508240"}],"curies":[{"name":"wp","href":"https:\/\/api.w.org\/{rel}","templated":true}]}}