{"id":508182,"date":"2023-09-11T11:53:42","date_gmt":"2023-09-11T09:53:42","guid":{"rendered":"https:\/\/abc-offices.com\/?page_id=508182"},"modified":"2025-12-01T16:58:03","modified_gmt":"2025-12-01T15:58:03","slug":"contato","status":"publish","type":"page","link":"https:\/\/abc-offices.com\/pt-br\/contato\/","title":{"rendered":"Contato"},"content":{"rendered":"<h2><strong>Contato \u2013 suas ag\u00eancias de tradu\u00e7\u00e3o certificadas<\/strong><\/h2>\n<p><strong>E-mail: <\/strong><a href=\"mailto:info@abc-offices.com\"><strong>info@abc-offices.com<\/strong><\/a><\/p>\n<p><strong>ABC Translation<\/strong><\/p>\n<p style=\"text-align: justify;\">Nossos tradutores juramentados e certificados, espalhados pelo mundo todo, possuem mestrado em Tradu\u00e7\u00e3o. Eles s\u00e3o especializados em diversas \u00e1reas, como marketing, economia, pol\u00edtica, direito e medicina. Para uma consulta r\u00e1pida, preencha o formul\u00e1rio \u00e0 direita da tela. Nossa equipe enviar\u00e1 um or\u00e7amento com o custo e o prazo de entrega da tradu\u00e7\u00e3o. Nossa oferta inclui a tradu\u00e7\u00e3o juramentada do texto, al\u00e9m de uma revis\u00e3o feita por outro tradutor para garantir a qualidade do trabalho. Ap\u00f3s a tradu\u00e7\u00e3o e revis\u00e3o, enviamos o texto de volta para voc\u00ea por e-mail e, no caso de tradu\u00e7\u00e3o juramentada, por correio (contato).<\/p>\n<p style=\"text-align: justify;\">A qualidade do trabalho de tradu\u00e7\u00e3o deve ser impec\u00e1vel. Gra\u00e7as aos nossos principais atributos \u2013 precis\u00e3o, efici\u00eancia e pontualidade \u2013 colaboramos diariamente com um grande n\u00famero de empresas e particulares. Traduzimos websites, documentos oficiais e textos especializados.<\/p>\n<p style=\"text-align: justify;\">Definimos nossa faixa de pre\u00e7os de acordo com um sistema preciso da UE. Essa associa\u00e7\u00e3o foi criada para estabelecer um sistema de precifica\u00e7\u00e3o que leva em considera\u00e7\u00e3o a complexidade do texto original. O pre\u00e7o pode ser calculado pelo n\u00famero de palavras ou por linha de 55 caracteres. Esse sistema permite total transpar\u00eancia para o cliente e possibilita a elabora\u00e7\u00e3o de or\u00e7amentos precisos. Trabalhamos com empresas e pessoas f\u00edsicas em toda a Uni\u00e3o <a href=\"https:\/\/abc-offices.com\/pt-br\/\">Europeia<\/a>.<\/p>\n<p><img loading=\"lazy\" decoding=\"async\" class=\"aligncenter wp-image-68422\" src=\"https:\/\/abc-offices.com\/wp-content\/uploads\/2023\/09\/cropped-World.jpeg\" alt=\"Contato\" width=\"335\" height=\"335\" srcset=\"https:\/\/abc-offices.com\/wp-content\/uploads\/2023\/09\/cropped-World.jpeg 512w, https:\/\/abc-offices.com\/wp-content\/uploads\/2023\/09\/cropped-World-300x300.jpeg 300w, https:\/\/abc-offices.com\/wp-content\/uploads\/2023\/09\/cropped-World-150x150.jpeg 150w, https:\/\/abc-offices.com\/wp-content\/uploads\/2023\/09\/cropped-World-270x270.jpeg 270w, https:\/\/abc-offices.com\/wp-content\/uploads\/2023\/09\/cropped-World-192x192.jpeg 192w, https:\/\/abc-offices.com\/wp-content\/uploads\/2023\/09\/cropped-World-180x180.jpeg 180w, https:\/\/abc-offices.com\/wp-content\/uploads\/2023\/09\/cropped-World-32x32.jpeg 32w\" sizes=\"auto, (max-width: 335px) 100vw, 335px\" \/><\/p>\n","protected":false},"excerpt":{"rendered":"<p>Contato \u2013 suas ag\u00eancias de tradu\u00e7\u00e3o certificadas E-mail: info@abc-offices.com ABC Translation Nossos tradutores juramentados e certificados, espalhados pelo mundo todo, possuem mestrado em Tradu\u00e7\u00e3o. Eles s\u00e3o especializados em diversas \u00e1reas, como marketing, economia, pol\u00edtica, direito e medicina. Para uma consulta r\u00e1pida, preencha o formul\u00e1rio \u00e0 direita da tela. Nossa equipe enviar\u00e1 um or\u00e7amento com o&#8230;<\/p>\n","protected":false},"author":1,"featured_media":508186,"parent":0,"menu_order":0,"comment_status":"closed","ping_status":"closed","template":"","meta":{"sfsi_plus_gutenberg_text_before_share":"","sfsi_plus_gutenberg_show_text_before_share":"","sfsi_plus_gutenberg_icon_type":"","sfsi_plus_gutenberg_icon_alignemt":"","sfsi_plus_gutenburg_max_per_row":"","footnotes":""},"class_list":["post-508182","page","type-page","status-publish","has-post-thumbnail","hentry"],"yoast_head":"<!-- This site is optimized with the Yoast SEO plugin v24.4 - https:\/\/yoast.com\/wordpress\/plugins\/seo\/ -->\n<title>Contato | Contate um Tradutor Certificado | Tradutor Juramentado<\/title>\n<meta name=\"description\" content=\"ABC translation: Contato | tradu\u00e7\u00e3o certificada | Tradu\u00e7\u00e3o de documentos oficiais | Tradu\u00e7\u00e3o de Apostila | Tradu\u00e7\u00e3o legalizada l Cart\u00f3rio\" \/>\n<meta name=\"robots\" content=\"index, follow, max-snippet:-1, max-image-preview:large, max-video-preview:-1\" \/>\n<link rel=\"canonical\" href=\"https:\/\/abc-offices.com\/pt-br\/contato\/\" \/>\n<meta property=\"og:locale\" content=\"pt_BR\" \/>\n<meta property=\"og:type\" content=\"article\" \/>\n<meta property=\"og:title\" content=\"Contato | Contate um Tradutor Certificado | Tradutor Juramentado\" \/>\n<meta property=\"og:description\" content=\"ABC translation: Contato | tradu\u00e7\u00e3o certificada | Tradu\u00e7\u00e3o de documentos oficiais | Tradu\u00e7\u00e3o de Apostila | Tradu\u00e7\u00e3o legalizada l Cart\u00f3rio\" \/>\n<meta property=\"og:url\" content=\"https:\/\/abc-offices.com\/pt-br\/contato\/\" \/>\n<meta property=\"og:site_name\" content=\"ABC Translation\" \/>\n<meta property=\"article:modified_time\" content=\"2025-12-01T15:58:03+00:00\" \/>\n<meta property=\"og:image\" content=\"https:\/\/abc-offices.com\/wp-content\/uploads\/2023\/09\/Warsaw.jpg\" \/>\n\t<meta property=\"og:image:width\" content=\"1780\" \/>\n\t<meta property=\"og:image:height\" content=\"1186\" \/>\n\t<meta property=\"og:image:type\" content=\"image\/jpeg\" \/>\n<meta name=\"twitter:card\" content=\"summary_large_image\" \/>\n<meta name=\"twitter:label1\" content=\"Est. tempo de leitura\" \/>\n\t<meta name=\"twitter:data1\" content=\"2 minutos\" \/>\n<script type=\"application\/ld+json\" class=\"yoast-schema-graph\">{\"@context\":\"https:\/\/schema.org\",\"@graph\":[{\"@type\":\"WebPage\",\"@id\":\"https:\/\/abc-offices.com\/pt-br\/contato\/\",\"url\":\"https:\/\/abc-offices.com\/pt-br\/contato\/\",\"name\":\"Contato | Contate um Tradutor Certificado | Tradutor Juramentado\",\"isPartOf\":{\"@id\":\"https:\/\/abc-offices.com\/#website\"},\"primaryImageOfPage\":{\"@id\":\"https:\/\/abc-offices.com\/pt-br\/contato\/#primaryimage\"},\"image\":{\"@id\":\"https:\/\/abc-offices.com\/pt-br\/contato\/#primaryimage\"},\"thumbnailUrl\":\"https:\/\/abc-offices.com\/wp-content\/uploads\/2023\/09\/Warsaw.jpg\",\"datePublished\":\"2023-09-11T09:53:42+00:00\",\"dateModified\":\"2025-12-01T15:58:03+00:00\",\"description\":\"ABC translation: Contato | tradu\u00e7\u00e3o certificada | Tradu\u00e7\u00e3o de documentos oficiais | Tradu\u00e7\u00e3o de Apostila | Tradu\u00e7\u00e3o legalizada l Cart\u00f3rio\",\"breadcrumb\":{\"@id\":\"https:\/\/abc-offices.com\/pt-br\/contato\/#breadcrumb\"},\"inLanguage\":\"pt-BR\",\"potentialAction\":[{\"@type\":\"ReadAction\",\"target\":[\"https:\/\/abc-offices.com\/pt-br\/contato\/\"]}]},{\"@type\":\"ImageObject\",\"inLanguage\":\"pt-BR\",\"@id\":\"https:\/\/abc-offices.com\/pt-br\/contato\/#primaryimage\",\"url\":\"https:\/\/abc-offices.com\/wp-content\/uploads\/2023\/09\/Warsaw.jpg\",\"contentUrl\":\"https:\/\/abc-offices.com\/wp-content\/uploads\/2023\/09\/Warsaw.jpg\",\"width\":1780,\"height\":1186},{\"@type\":\"BreadcrumbList\",\"@id\":\"https:\/\/abc-offices.com\/pt-br\/contato\/#breadcrumb\",\"itemListElement\":[{\"@type\":\"ListItem\",\"position\":1,\"name\":\"Accueil\",\"item\":\"https:\/\/abc-offices.com\/pt-br\/\"},{\"@type\":\"ListItem\",\"position\":2,\"name\":\"Contato\"}]},{\"@type\":\"WebSite\",\"@id\":\"https:\/\/abc-offices.com\/#website\",\"url\":\"https:\/\/abc-offices.com\/\",\"name\":\"ABC Translation\",\"description\":\"info@abc-offices.com\",\"potentialAction\":[{\"@type\":\"SearchAction\",\"target\":{\"@type\":\"EntryPoint\",\"urlTemplate\":\"https:\/\/abc-offices.com\/?s={search_term_string}\"},\"query-input\":{\"@type\":\"PropertyValueSpecification\",\"valueRequired\":true,\"valueName\":\"search_term_string\"}}],\"inLanguage\":\"pt-BR\"}]}<\/script>\n<!-- \/ Yoast SEO plugin. -->","yoast_head_json":{"title":"Contato | Contate um Tradutor Certificado | Tradutor Juramentado","description":"ABC translation: Contato | tradu\u00e7\u00e3o certificada | Tradu\u00e7\u00e3o de documentos oficiais | Tradu\u00e7\u00e3o de Apostila | Tradu\u00e7\u00e3o legalizada l Cart\u00f3rio","robots":{"index":"index","follow":"follow","max-snippet":"max-snippet:-1","max-image-preview":"max-image-preview:large","max-video-preview":"max-video-preview:-1"},"canonical":"https:\/\/abc-offices.com\/pt-br\/contato\/","og_locale":"pt_BR","og_type":"article","og_title":"Contato | Contate um Tradutor Certificado | Tradutor Juramentado","og_description":"ABC translation: Contato | tradu\u00e7\u00e3o certificada | Tradu\u00e7\u00e3o de documentos oficiais | Tradu\u00e7\u00e3o de Apostila | Tradu\u00e7\u00e3o legalizada l Cart\u00f3rio","og_url":"https:\/\/abc-offices.com\/pt-br\/contato\/","og_site_name":"ABC Translation","article_modified_time":"2025-12-01T15:58:03+00:00","og_image":[{"width":1780,"height":1186,"url":"https:\/\/abc-offices.com\/wp-content\/uploads\/2023\/09\/Warsaw.jpg","type":"image\/jpeg"}],"twitter_card":"summary_large_image","twitter_misc":{"Est. tempo de leitura":"2 minutos"},"schema":{"@context":"https:\/\/schema.org","@graph":[{"@type":"WebPage","@id":"https:\/\/abc-offices.com\/pt-br\/contato\/","url":"https:\/\/abc-offices.com\/pt-br\/contato\/","name":"Contato | Contate um Tradutor Certificado | Tradutor Juramentado","isPartOf":{"@id":"https:\/\/abc-offices.com\/#website"},"primaryImageOfPage":{"@id":"https:\/\/abc-offices.com\/pt-br\/contato\/#primaryimage"},"image":{"@id":"https:\/\/abc-offices.com\/pt-br\/contato\/#primaryimage"},"thumbnailUrl":"https:\/\/abc-offices.com\/wp-content\/uploads\/2023\/09\/Warsaw.jpg","datePublished":"2023-09-11T09:53:42+00:00","dateModified":"2025-12-01T15:58:03+00:00","description":"ABC translation: Contato | tradu\u00e7\u00e3o certificada | Tradu\u00e7\u00e3o de documentos oficiais | Tradu\u00e7\u00e3o de Apostila | Tradu\u00e7\u00e3o legalizada l Cart\u00f3rio","breadcrumb":{"@id":"https:\/\/abc-offices.com\/pt-br\/contato\/#breadcrumb"},"inLanguage":"pt-BR","potentialAction":[{"@type":"ReadAction","target":["https:\/\/abc-offices.com\/pt-br\/contato\/"]}]},{"@type":"ImageObject","inLanguage":"pt-BR","@id":"https:\/\/abc-offices.com\/pt-br\/contato\/#primaryimage","url":"https:\/\/abc-offices.com\/wp-content\/uploads\/2023\/09\/Warsaw.jpg","contentUrl":"https:\/\/abc-offices.com\/wp-content\/uploads\/2023\/09\/Warsaw.jpg","width":1780,"height":1186},{"@type":"BreadcrumbList","@id":"https:\/\/abc-offices.com\/pt-br\/contato\/#breadcrumb","itemListElement":[{"@type":"ListItem","position":1,"name":"Accueil","item":"https:\/\/abc-offices.com\/pt-br\/"},{"@type":"ListItem","position":2,"name":"Contato"}]},{"@type":"WebSite","@id":"https:\/\/abc-offices.com\/#website","url":"https:\/\/abc-offices.com\/","name":"ABC Translation","description":"info@abc-offices.com","potentialAction":[{"@type":"SearchAction","target":{"@type":"EntryPoint","urlTemplate":"https:\/\/abc-offices.com\/?s={search_term_string}"},"query-input":{"@type":"PropertyValueSpecification","valueRequired":true,"valueName":"search_term_string"}}],"inLanguage":"pt-BR"}]}},"_links":{"self":[{"href":"https:\/\/abc-offices.com\/pt-br\/wp-json\/wp\/v2\/pages\/508182","targetHints":{"allow":["GET"]}}],"collection":[{"href":"https:\/\/abc-offices.com\/pt-br\/wp-json\/wp\/v2\/pages"}],"about":[{"href":"https:\/\/abc-offices.com\/pt-br\/wp-json\/wp\/v2\/types\/page"}],"author":[{"embeddable":true,"href":"https:\/\/abc-offices.com\/pt-br\/wp-json\/wp\/v2\/users\/1"}],"replies":[{"embeddable":true,"href":"https:\/\/abc-offices.com\/pt-br\/wp-json\/wp\/v2\/comments?post=508182"}],"version-history":[{"count":1,"href":"https:\/\/abc-offices.com\/pt-br\/wp-json\/wp\/v2\/pages\/508182\/revisions"}],"predecessor-version":[{"id":508207,"href":"https:\/\/abc-offices.com\/pt-br\/wp-json\/wp\/v2\/pages\/508182\/revisions\/508207"}],"wp:featuredmedia":[{"embeddable":true,"href":"https:\/\/abc-offices.com\/pt-br\/wp-json\/wp\/v2\/media\/508186"}],"wp:attachment":[{"href":"https:\/\/abc-offices.com\/pt-br\/wp-json\/wp\/v2\/media?parent=508182"}],"curies":[{"name":"wp","href":"https:\/\/api.w.org\/{rel}","templated":true}]}}