{"id":508083,"date":"2023-09-08T17:37:20","date_gmt":"2023-09-08T15:37:20","guid":{"rendered":"https:\/\/abc-offices.com\/?page_id=508083"},"modified":"2025-12-01T16:32:44","modified_gmt":"2025-12-01T15:32:44","slug":"home","status":"publish","type":"page","link":"https:\/\/abc-offices.com\/pt-br\/","title":{"rendered":"Home"},"content":{"rendered":"<h2>ABC Translation<\/h2>\n<p style=\"text-align: justify;\">A ABC Translation \u00e9 especializada em diversas \u00e1reas, como tradu\u00e7\u00e3o juramentada, legaliza\u00e7\u00e3o, apostila e legaliza\u00e7\u00e3o em embaixadas ou consulados. Com uma equipe de mais de 1.000 colaboradores em todo o mundo, a ABC Translation \u00e9 l\u00edder nessas especializa\u00e7\u00f5es e consegue atuar com rapidez gra\u00e7as \u00e0 sua grande equipe de profissionais qualificados. A empresa representa 55 nacionalidades diferentes e possui conex\u00f5es em mais de 85 pa\u00edses. Ela soube aproveitar a globaliza\u00e7\u00e3o para atrair uma clientela cada vez mais exigente.<\/p>\n<p style=\"text-align: justify;\">A ABC Translation em n\u00fameros:<\/p>\n<ul>\n<li>1.000 funcion\u00e1rios em todo o mundo<\/li>\n<li>60 idiomas falados<\/li>\n<li>7.000 projetos por ano<\/li>\n<li>Mais de 10 anos de experi\u00eancia<\/li>\n<li>Mais de 3.000 clientes empresariais regulares<\/li>\n<li>Mais de 4.000 clientes particulares por ano<\/li>\n<\/ul>\n<p style=\"text-align: justify;\">Colaboramos com diversos cart\u00f3rios para legalizar os v\u00e1rios documentos com a maior rapidez poss\u00edvel. Para documentos com destino ao exterior, trabalhamos com embaixadas, consulados e chancelarias. Essa integra\u00e7\u00e3o entre essas diferentes entidades nos permite ser muito \u00e1geis na tradu\u00e7\u00e3o e legaliza\u00e7\u00e3o de seus documentos em tempo recorde. Al\u00e9m disso, nossos mensageiros de bicicleta garantem a entrega dos documentos aos diversos \u00f3rg\u00e3os, respeitando o meio ambiente. Em seguida, utilizamos os servi\u00e7os postais e a DHL para o envio final no mundo inteiro.<\/p>\n<p style=\"text-align: justify;\">A qualidade e a rapidez dos nossos servi\u00e7os t\u00eam feito a diferen\u00e7a ao longo dos anos. Neste ramo, a capacidade de resposta \u00e9 a chave para o sucesso. Nossa infraestrutura foi implementada para que possamos responder com mais agilidade \u00e0s solicita\u00e7\u00f5es dos clientes. Para um contato r\u00e1pido, voc\u00ea pode nos contatar por telefone ou e-mail. O formul\u00e1rio de contato \u00e0 direita desta p\u00e1gina tamb\u00e9m pode ser utilizado, especialmente para o envio de documentos. Normalmente, enviamos o or\u00e7amento entre 10 e 20 minutos ap\u00f3s o recebimento dos arquivos. Ele incluir\u00e1 o pre\u00e7o total e o prazo de entrega do projeto.<\/p>\n<p style=\"text-align: justify;\">Toda a equipe permanece \u00e0 sua inteira disposi\u00e7\u00e3o e aguardamos ansiosamente a oportunidade de trabalharmos <a href=\"https:\/\/abc-offices.com\/\">juntos<\/a>.<\/p>\n<p><img loading=\"lazy\" decoding=\"async\" class=\"aligncenter wp-image-298\" src=\"https:\/\/abc-office.ch\/wp-content\/uploads\/2020\/03\/bim91-1024x682.jpg\" alt=\"ABC Translation\" width=\"572\" height=\"381\" \/><\/p>\n","protected":false},"excerpt":{"rendered":"<p>ABC Translation A ABC Translation \u00e9 especializada em diversas \u00e1reas, como tradu\u00e7\u00e3o juramentada, legaliza\u00e7\u00e3o, apostila e legaliza\u00e7\u00e3o em embaixadas ou consulados. Com uma equipe de mais de 1.000 colaboradores em todo o mundo, a ABC Translation \u00e9 l\u00edder nessas especializa\u00e7\u00f5es e consegue atuar com rapidez gra\u00e7as \u00e0 sua grande equipe de profissionais qualificados. A empresa&#8230;<\/p>\n","protected":false},"author":1,"featured_media":508088,"parent":0,"menu_order":0,"comment_status":"closed","ping_status":"closed","template":"","meta":{"sfsi_plus_gutenberg_text_before_share":"","sfsi_plus_gutenberg_show_text_before_share":"","sfsi_plus_gutenberg_icon_type":"","sfsi_plus_gutenberg_icon_alignemt":"","sfsi_plus_gutenburg_max_per_row":"","footnotes":""},"class_list":["post-508083","page","type-page","status-publish","has-post-thumbnail","hentry"],"yoast_head":"<!-- This site is optimized with the Yoast SEO plugin v24.4 - https:\/\/yoast.com\/wordpress\/plugins\/seo\/ -->\n<title>ABC Translation l Tradu\u00e7\u00e3o certificada l Legaliza\u00e7\u00e3o l Apostila<\/title>\n<meta name=\"description\" content=\"ABC Translation l Tradu\u00e7\u00e3o certificada l Tradu\u00e7\u00e3o juramentada l Tradu\u00e7\u00e3o oficial l Legaliza\u00e7\u00e3o l Apostilamento l Embaixada l Consulado\" \/>\n<meta name=\"robots\" content=\"index, follow, max-snippet:-1, max-image-preview:large, max-video-preview:-1\" \/>\n<link rel=\"canonical\" href=\"https:\/\/abc-offices.com\/pt-br\/\" \/>\n<meta property=\"og:locale\" content=\"pt_BR\" \/>\n<meta property=\"og:type\" content=\"article\" \/>\n<meta property=\"og:title\" content=\"ABC Translation l Tradu\u00e7\u00e3o certificada l Legaliza\u00e7\u00e3o l Apostila\" \/>\n<meta property=\"og:description\" content=\"ABC Translation l Tradu\u00e7\u00e3o certificada l Tradu\u00e7\u00e3o juramentada l Tradu\u00e7\u00e3o oficial l Legaliza\u00e7\u00e3o l Apostilamento l Embaixada l Consulado\" \/>\n<meta property=\"og:url\" content=\"https:\/\/abc-offices.com\/pt-br\/\" \/>\n<meta property=\"og:site_name\" content=\"ABC Translation\" \/>\n<meta property=\"article:modified_time\" content=\"2025-12-01T15:32:44+00:00\" \/>\n<meta property=\"og:image\" content=\"https:\/\/abc-offices.com\/wp-content\/uploads\/2023\/09\/World-1.jpg\" \/>\n\t<meta property=\"og:image:width\" content=\"1920\" \/>\n\t<meta property=\"og:image:height\" content=\"1080\" \/>\n\t<meta property=\"og:image:type\" content=\"image\/jpeg\" \/>\n<meta name=\"twitter:card\" content=\"summary_large_image\" \/>\n<meta name=\"twitter:label1\" content=\"Est. tempo de leitura\" \/>\n\t<meta name=\"twitter:data1\" content=\"2 minutos\" \/>\n<script type=\"application\/ld+json\" class=\"yoast-schema-graph\">{\"@context\":\"https:\/\/schema.org\",\"@graph\":[{\"@type\":\"WebPage\",\"@id\":\"https:\/\/abc-offices.com\/pt-br\/\",\"url\":\"https:\/\/abc-offices.com\/pt-br\/\",\"name\":\"ABC Translation l Tradu\u00e7\u00e3o certificada l Legaliza\u00e7\u00e3o l Apostila\",\"isPartOf\":{\"@id\":\"https:\/\/abc-offices.com\/#website\"},\"primaryImageOfPage\":{\"@id\":\"https:\/\/abc-offices.com\/pt-br\/#primaryimage\"},\"image\":{\"@id\":\"https:\/\/abc-offices.com\/pt-br\/#primaryimage\"},\"thumbnailUrl\":\"https:\/\/abc-offices.com\/wp-content\/uploads\/2023\/09\/World-1.jpg\",\"datePublished\":\"2023-09-08T15:37:20+00:00\",\"dateModified\":\"2025-12-01T15:32:44+00:00\",\"description\":\"ABC Translation l Tradu\u00e7\u00e3o certificada l Tradu\u00e7\u00e3o juramentada l Tradu\u00e7\u00e3o oficial l Legaliza\u00e7\u00e3o l Apostilamento l Embaixada l Consulado\",\"breadcrumb\":{\"@id\":\"https:\/\/abc-offices.com\/pt-br\/#breadcrumb\"},\"inLanguage\":\"pt-BR\",\"potentialAction\":[{\"@type\":\"ReadAction\",\"target\":[\"https:\/\/abc-offices.com\/pt-br\/\"]}]},{\"@type\":\"ImageObject\",\"inLanguage\":\"pt-BR\",\"@id\":\"https:\/\/abc-offices.com\/pt-br\/#primaryimage\",\"url\":\"https:\/\/abc-offices.com\/wp-content\/uploads\/2023\/09\/World-1.jpg\",\"contentUrl\":\"https:\/\/abc-offices.com\/wp-content\/uploads\/2023\/09\/World-1.jpg\",\"width\":1920,\"height\":1080},{\"@type\":\"BreadcrumbList\",\"@id\":\"https:\/\/abc-offices.com\/pt-br\/#breadcrumb\",\"itemListElement\":[{\"@type\":\"ListItem\",\"position\":1,\"name\":\"Accueil\",\"item\":\"https:\/\/abc-offices.com\/pt-br\/\"},{\"@type\":\"ListItem\",\"position\":2,\"name\":\"Home\"}]},{\"@type\":\"WebSite\",\"@id\":\"https:\/\/abc-offices.com\/#website\",\"url\":\"https:\/\/abc-offices.com\/\",\"name\":\"ABC Translation\",\"description\":\"info@abc-offices.com\",\"potentialAction\":[{\"@type\":\"SearchAction\",\"target\":{\"@type\":\"EntryPoint\",\"urlTemplate\":\"https:\/\/abc-offices.com\/?s={search_term_string}\"},\"query-input\":{\"@type\":\"PropertyValueSpecification\",\"valueRequired\":true,\"valueName\":\"search_term_string\"}}],\"inLanguage\":\"pt-BR\"}]}<\/script>\n<!-- \/ Yoast SEO plugin. -->","yoast_head_json":{"title":"ABC Translation l Tradu\u00e7\u00e3o certificada l Legaliza\u00e7\u00e3o l Apostila","description":"ABC Translation l Tradu\u00e7\u00e3o certificada l Tradu\u00e7\u00e3o juramentada l Tradu\u00e7\u00e3o oficial l Legaliza\u00e7\u00e3o l Apostilamento l Embaixada l Consulado","robots":{"index":"index","follow":"follow","max-snippet":"max-snippet:-1","max-image-preview":"max-image-preview:large","max-video-preview":"max-video-preview:-1"},"canonical":"https:\/\/abc-offices.com\/pt-br\/","og_locale":"pt_BR","og_type":"article","og_title":"ABC Translation l Tradu\u00e7\u00e3o certificada l Legaliza\u00e7\u00e3o l Apostila","og_description":"ABC Translation l Tradu\u00e7\u00e3o certificada l Tradu\u00e7\u00e3o juramentada l Tradu\u00e7\u00e3o oficial l Legaliza\u00e7\u00e3o l Apostilamento l Embaixada l Consulado","og_url":"https:\/\/abc-offices.com\/pt-br\/","og_site_name":"ABC Translation","article_modified_time":"2025-12-01T15:32:44+00:00","og_image":[{"width":1920,"height":1080,"url":"https:\/\/abc-offices.com\/wp-content\/uploads\/2023\/09\/World-1.jpg","type":"image\/jpeg"}],"twitter_card":"summary_large_image","twitter_misc":{"Est. tempo de leitura":"2 minutos"},"schema":{"@context":"https:\/\/schema.org","@graph":[{"@type":"WebPage","@id":"https:\/\/abc-offices.com\/pt-br\/","url":"https:\/\/abc-offices.com\/pt-br\/","name":"ABC Translation l Tradu\u00e7\u00e3o certificada l Legaliza\u00e7\u00e3o l Apostila","isPartOf":{"@id":"https:\/\/abc-offices.com\/#website"},"primaryImageOfPage":{"@id":"https:\/\/abc-offices.com\/pt-br\/#primaryimage"},"image":{"@id":"https:\/\/abc-offices.com\/pt-br\/#primaryimage"},"thumbnailUrl":"https:\/\/abc-offices.com\/wp-content\/uploads\/2023\/09\/World-1.jpg","datePublished":"2023-09-08T15:37:20+00:00","dateModified":"2025-12-01T15:32:44+00:00","description":"ABC Translation l Tradu\u00e7\u00e3o certificada l Tradu\u00e7\u00e3o juramentada l Tradu\u00e7\u00e3o oficial l Legaliza\u00e7\u00e3o l Apostilamento l Embaixada l Consulado","breadcrumb":{"@id":"https:\/\/abc-offices.com\/pt-br\/#breadcrumb"},"inLanguage":"pt-BR","potentialAction":[{"@type":"ReadAction","target":["https:\/\/abc-offices.com\/pt-br\/"]}]},{"@type":"ImageObject","inLanguage":"pt-BR","@id":"https:\/\/abc-offices.com\/pt-br\/#primaryimage","url":"https:\/\/abc-offices.com\/wp-content\/uploads\/2023\/09\/World-1.jpg","contentUrl":"https:\/\/abc-offices.com\/wp-content\/uploads\/2023\/09\/World-1.jpg","width":1920,"height":1080},{"@type":"BreadcrumbList","@id":"https:\/\/abc-offices.com\/pt-br\/#breadcrumb","itemListElement":[{"@type":"ListItem","position":1,"name":"Accueil","item":"https:\/\/abc-offices.com\/pt-br\/"},{"@type":"ListItem","position":2,"name":"Home"}]},{"@type":"WebSite","@id":"https:\/\/abc-offices.com\/#website","url":"https:\/\/abc-offices.com\/","name":"ABC Translation","description":"info@abc-offices.com","potentialAction":[{"@type":"SearchAction","target":{"@type":"EntryPoint","urlTemplate":"https:\/\/abc-offices.com\/?s={search_term_string}"},"query-input":{"@type":"PropertyValueSpecification","valueRequired":true,"valueName":"search_term_string"}}],"inLanguage":"pt-BR"}]}},"_links":{"self":[{"href":"https:\/\/abc-offices.com\/pt-br\/wp-json\/wp\/v2\/pages\/508083","targetHints":{"allow":["GET"]}}],"collection":[{"href":"https:\/\/abc-offices.com\/pt-br\/wp-json\/wp\/v2\/pages"}],"about":[{"href":"https:\/\/abc-offices.com\/pt-br\/wp-json\/wp\/v2\/types\/page"}],"author":[{"embeddable":true,"href":"https:\/\/abc-offices.com\/pt-br\/wp-json\/wp\/v2\/users\/1"}],"replies":[{"embeddable":true,"href":"https:\/\/abc-offices.com\/pt-br\/wp-json\/wp\/v2\/comments?post=508083"}],"version-history":[{"count":1,"href":"https:\/\/abc-offices.com\/pt-br\/wp-json\/wp\/v2\/pages\/508083\/revisions"}],"predecessor-version":[{"id":508150,"href":"https:\/\/abc-offices.com\/pt-br\/wp-json\/wp\/v2\/pages\/508083\/revisions\/508150"}],"wp:featuredmedia":[{"embeddable":true,"href":"https:\/\/abc-offices.com\/pt-br\/wp-json\/wp\/v2\/media\/508088"}],"wp:attachment":[{"href":"https:\/\/abc-offices.com\/pt-br\/wp-json\/wp\/v2\/media?parent=508083"}],"curies":[{"name":"wp","href":"https:\/\/api.w.org\/{rel}","templated":true}]}}