{"id":499491,"date":"2025-09-01T20:39:47","date_gmt":"2025-09-01T18:39:47","guid":{"rendered":"https:\/\/abc-offices.com\/?page_id=499491"},"modified":"2025-11-21T08:57:24","modified_gmt":"2025-11-21T07:57:24","slug":"traduccion-certificada-en-bogota","status":"publish","type":"page","link":"https:\/\/abc-offices.com\/es\/colombia\/traduccion-certificada-en-colombia\/traduccion-certificada-en-bogota\/","title":{"rendered":"Traducci\u00f3n certificada en Bogot\u00e1"},"content":{"rendered":"<h2><strong>Traducci\u00f3n certificada en Bogot\u00e1<\/strong><\/h2>\n<p style=\"text-align: justify;\">Nuestra agencia de traducci\u00f3n est\u00e1 especializada en traducciones certificadas y juradas en m\u00e1s de 80 idiomas. Nuestro equipo con sede en Bogot\u00e1 puede procesar r\u00e1pidamente su solicitud. Solo necesitamos recibir una copia de los documentos que deban traducirse (se aceptan todos los formatos). <strong>Los documentos originales ya no son necesarios<\/strong> (traducci\u00f3n certificada en Bogot\u00e1).<\/p>\n<ol style=\"text-align: justify;\">\n<li>En primer lugar, no dude en utilizar nuestra direcci\u00f3n de correo electr\u00f3nico (<a href=\"mailto:info@abc-offices.com\">info@abc-offices.com<\/a>), el formulario de contacto o tambi\u00e9n nuestro enlace de WhatsApp.<\/li>\n<li>En segundo lugar, indique el <strong>idioma<\/strong> en el que desea recibir la traducci\u00f3n y si necesita que la traducci\u00f3n sea legalizada por el notario y\/o apostillada (canciller\u00eda).<\/li>\n<li>En tercer lugar, uno de nuestros gestores de proyectos le proporcionar\u00e1 r\u00e1pidamente una cotizaci\u00f3n en la que conste el precio y el plazo de entrega para dicho proyecto. Por lo general, respondemos en un plazo de 30 minutos. No obstante, le rogamos que nos llame si no ha recibido respuesta en m\u00e1s de una hora.<\/li>\n<li>En cuarto lugar, y lo m\u00e1s importante, una vez aceptada la cotizaci\u00f3n, comenzaremos el proceso de traducci\u00f3n y le enviaremos las traducciones certificadas por correo postal. Si tambi\u00e9n necesita una copia de la traducci\u00f3n por correo electr\u00f3nico, ind\u00edqueselo al gestor de proyectos y se la enviaremos por correo electr\u00f3nico antes de enviarle el original.<\/li>\n<\/ol>\n<p style=\"text-align: justify;\"><strong>En cuanto a los plazos de entrega<\/strong>, las traducciones certificadas se env\u00edan por correo postal o DHL y\/o por correo electr\u00f3nico <strong>en un plazo de 2-3 d\u00edas h\u00e1biles<\/strong>. Sin embargo, esto tambi\u00e9n depender\u00e1 del volumen y del nivel de dificultad de los documentos. En condiciones normales, deber\u00eda recibir un documento de una p\u00e1gina en un plazo de 2 d\u00edas h\u00e1biles por correo postal.<\/p>\n<h3 style=\"text-align: justify;\"><strong>Aqu\u00ed tiene una lista de nuestros principales idiomas:<\/strong><\/h3>\n<p style=\"text-align: justify;\">Afrik\u00e1ans | Alban\u00e9s | Alem\u00e1n | Americano | Am\u00e1rico | Ingl\u00e9s | \u00c1rabe | Armenio | Aimara | Azer\u00ed | Vasco | Bengal\u00ed | Bielorruso | Birmano | Bosnio | Brasile\u00f1o | B\u00falgaro | Canton\u00e9s | Catal\u00e1n | Cingal\u00e9s | Chino | Chino simplificado | Chino tradicional | Coreano | Croata | Dan\u00e9s | Dar\u00ed | Espa\u00f1ol | Estonio | Ew\u00e9 | Farsi | Fin\u00e9s | Georgiano | Griego | Guaran\u00ed | Hebreo | Hindi | H\u00fangaro | Indonesio | Italiano | Japon\u00e9s | Kazajo | Jemer | Kirgu\u00eds | Kurdo | Lao | Let\u00f3n | Lingala | Lituano | Macedonio | Malayo | Malabar | Mandar\u00edn | Moldavo | Mongol | Montenegrino | Neerland\u00e9s | Noruego | Urdu | Uzbeko | Past\u00fan | Punyab\u00ed | Persa | Fula | Polaco | Portugu\u00e9s | Quechua | Rumano | Ruso | Serbio | Eslovaco | Esloveno | Sueco | Tamil | Checo | Tailand\u00e9s | Turco | Turcomano | Ucraniano | Vietnamita<\/p>\n<h3 style=\"text-align: justify;\"><strong>Aqu\u00ed tiene una lista no exhaustiva de documentos:<\/strong><\/h3>\n<p style=\"text-align: justify;\">Certificado de nacimiento | Certificado de matrimonio | Certificado de estado civil | Atestado | Patente | Certificado de antecedentes penales | Certificado | Certificado de solter\u00eda | Certificado de defunci\u00f3n | Libro de familia | Certificado de trabajo | Declaraci\u00f3n de impuestos | Diploma | Pasaporte | Licencia de conducir | Testamento | Visado | Contrato | Convenio regulador de divorcio | Capitulaciones matrimoniales | Sentencia | Procedimiento | Poder notarial | Acta<\/p>\n<h3 style=\"text-align: justify;\"><strong>Tipos comunes de certificaciones\/legalizaciones (traducci\u00f3n certificada en Bogot\u00e1):<\/strong><\/h3>\n<ul style=\"text-align: justify;\">\n<li>Traducci\u00f3n certificada: proporcionamos la traducci\u00f3n con nuestro sello y firma.<\/li>\n<li>Traducci\u00f3n certificada acreditada por la TAC.<\/li>\n<li>Traducci\u00f3n legalizada: el notario legaliza la firma del traductor en la traducci\u00f3n.<\/li>\n<li>Traducci\u00f3n con apostilla: la canciller\u00eda legaliza la firma del notario.<\/li>\n<li>Traducci\u00f3n legalizada por una embajada o un consulado: la embajada o el consulado legalizan la traducci\u00f3n para su uso en el extranjero.<\/li>\n<\/ul>\n<p style=\"text-align: justify;\">Como resultado de lo anteriormente expuesto y gracias a la certificaci\u00f3n adecuada, las traducciones ser\u00e1n aceptadas en Colombia y en el extranjero. Para cualquier consulta sobre el tipo de certificaci\u00f3n que necesita para sus documentos, no dude en ponerse en contacto con nuestro equipo. Le guiaremos a lo largo del proceso (traducci\u00f3n certificada en Bogot\u00e1).<\/p>\n<p style=\"text-align: justify;\">Esperamos poder colaborar con usted.<\/p>\n<p style=\"text-align: justify;\"><a href=\"https:\/\/abc-offices.com\/es\/\">ABC Translation LLC<\/a><\/p>\n<p><img loading=\"lazy\" decoding=\"async\" class=\"aligncenter wp-image-271\" src=\"https:\/\/abc-office.ch\/wp-content\/uploads\/2018\/06\/imageedit_1_6241191614.gif\" alt=\"Traducci\u00f3n certificada en Bogot\u00e1\" width=\"437\" height=\"437\" \/><\/p>\n","protected":false},"excerpt":{"rendered":"<p>Traducci\u00f3n certificada en Bogot\u00e1 Nuestra agencia de traducci\u00f3n est\u00e1 especializada en traducciones certificadas y juradas en m\u00e1s de 80 idiomas. Nuestro equipo con sede en Bogot\u00e1 puede procesar r\u00e1pidamente su solicitud. Solo necesitamos recibir una copia de los documentos que deban traducirse (se aceptan todos los formatos). Los documentos originales ya no son necesarios (traducci\u00f3n&#8230;<\/p>\n","protected":false},"author":1,"featured_media":499532,"parent":499462,"menu_order":0,"comment_status":"closed","ping_status":"closed","template":"","meta":{"sfsi_plus_gutenberg_text_before_share":"","sfsi_plus_gutenberg_show_text_before_share":"","sfsi_plus_gutenberg_icon_type":"","sfsi_plus_gutenberg_icon_alignemt":"","sfsi_plus_gutenburg_max_per_row":"","footnotes":""},"class_list":["post-499491","page","type-page","status-publish","has-post-thumbnail","hentry"],"yoast_head":"<!-- This site is optimized with the Yoast SEO plugin v24.4 - https:\/\/yoast.com\/wordpress\/plugins\/seo\/ -->\n<title>Traducci\u00f3n certificada en Bogot\u00e1 | Traductor jurado oficial Bogot\u00e1<\/title>\n<meta name=\"description\" content=\"ABC Translation | Traducci\u00f3n certificada en Bogot\u00e1 | Traductor jurado en Bogot\u00e1 | Traducci\u00f3n oficial en Bogot\u00e1 | Traducci\u00f3n certificada\" \/>\n<meta name=\"robots\" content=\"index, follow, max-snippet:-1, max-image-preview:large, max-video-preview:-1\" \/>\n<link rel=\"canonical\" href=\"https:\/\/abc-offices.com\/es\/colombia\/traduccion-certificada-en-colombia\/traduccion-certificada-en-bogota\/\" \/>\n<meta property=\"og:locale\" content=\"es_ES\" \/>\n<meta property=\"og:type\" content=\"article\" \/>\n<meta property=\"og:title\" content=\"Traducci\u00f3n certificada en Bogot\u00e1 | Traductor jurado oficial Bogot\u00e1\" \/>\n<meta property=\"og:description\" content=\"ABC Translation | Traducci\u00f3n certificada en Bogot\u00e1 | Traductor jurado en Bogot\u00e1 | Traducci\u00f3n oficial en Bogot\u00e1 | Traducci\u00f3n certificada\" \/>\n<meta property=\"og:url\" content=\"https:\/\/abc-offices.com\/es\/colombia\/traduccion-certificada-en-colombia\/traduccion-certificada-en-bogota\/\" \/>\n<meta property=\"og:site_name\" content=\"ABC Translation\" \/>\n<meta property=\"article:modified_time\" content=\"2025-11-21T07:57:24+00:00\" \/>\n<meta property=\"og:image\" content=\"https:\/\/abc-offices.com\/wp-content\/uploads\/2025\/09\/Bogota.webp\" \/>\n\t<meta property=\"og:image:width\" content=\"1600\" \/>\n\t<meta property=\"og:image:height\" content=\"923\" \/>\n\t<meta property=\"og:image:type\" content=\"image\/webp\" \/>\n<meta name=\"twitter:card\" content=\"summary_large_image\" \/>\n<meta name=\"twitter:label1\" content=\"Tiempo de lectura\" \/>\n\t<meta name=\"twitter:data1\" content=\"4 minutos\" \/>\n<script type=\"application\/ld+json\" class=\"yoast-schema-graph\">{\"@context\":\"https:\/\/schema.org\",\"@graph\":[{\"@type\":\"WebPage\",\"@id\":\"https:\/\/abc-offices.com\/es\/colombia\/traduccion-certificada-en-colombia\/traduccion-certificada-en-bogota\/\",\"url\":\"https:\/\/abc-offices.com\/es\/colombia\/traduccion-certificada-en-colombia\/traduccion-certificada-en-bogota\/\",\"name\":\"Traducci\u00f3n certificada en Bogot\u00e1 | Traductor jurado oficial Bogot\u00e1\",\"isPartOf\":{\"@id\":\"https:\/\/abc-offices.com\/#website\"},\"primaryImageOfPage\":{\"@id\":\"https:\/\/abc-offices.com\/es\/colombia\/traduccion-certificada-en-colombia\/traduccion-certificada-en-bogota\/#primaryimage\"},\"image\":{\"@id\":\"https:\/\/abc-offices.com\/es\/colombia\/traduccion-certificada-en-colombia\/traduccion-certificada-en-bogota\/#primaryimage\"},\"thumbnailUrl\":\"https:\/\/abc-offices.com\/wp-content\/uploads\/2025\/09\/Bogota.webp\",\"datePublished\":\"2025-09-01T18:39:47+00:00\",\"dateModified\":\"2025-11-21T07:57:24+00:00\",\"description\":\"ABC Translation | Traducci\u00f3n certificada en Bogot\u00e1 | Traductor jurado en Bogot\u00e1 | Traducci\u00f3n oficial en Bogot\u00e1 | Traducci\u00f3n certificada\",\"breadcrumb\":{\"@id\":\"https:\/\/abc-offices.com\/es\/colombia\/traduccion-certificada-en-colombia\/traduccion-certificada-en-bogota\/#breadcrumb\"},\"inLanguage\":\"es\",\"potentialAction\":[{\"@type\":\"ReadAction\",\"target\":[\"https:\/\/abc-offices.com\/es\/colombia\/traduccion-certificada-en-colombia\/traduccion-certificada-en-bogota\/\"]}]},{\"@type\":\"ImageObject\",\"inLanguage\":\"es\",\"@id\":\"https:\/\/abc-offices.com\/es\/colombia\/traduccion-certificada-en-colombia\/traduccion-certificada-en-bogota\/#primaryimage\",\"url\":\"https:\/\/abc-offices.com\/wp-content\/uploads\/2025\/09\/Bogota.webp\",\"contentUrl\":\"https:\/\/abc-offices.com\/wp-content\/uploads\/2025\/09\/Bogota.webp\",\"width\":1600,\"height\":923},{\"@type\":\"BreadcrumbList\",\"@id\":\"https:\/\/abc-offices.com\/es\/colombia\/traduccion-certificada-en-colombia\/traduccion-certificada-en-bogota\/#breadcrumb\",\"itemListElement\":[{\"@type\":\"ListItem\",\"position\":1,\"name\":\"Accueil\",\"item\":\"https:\/\/abc-offices.com\/es\/\"},{\"@type\":\"ListItem\",\"position\":2,\"name\":\"Colombia\",\"item\":\"https:\/\/abc-offices.com\/es\/colombia\/\"},{\"@type\":\"ListItem\",\"position\":3,\"name\":\"Traducci\u00f3n certificada en Colombia\",\"item\":\"https:\/\/abc-offices.com\/es\/colombia\/traduccion-certificada-en-colombia\/\"},{\"@type\":\"ListItem\",\"position\":4,\"name\":\"Traducci\u00f3n certificada en Bogot\u00e1\"}]},{\"@type\":\"WebSite\",\"@id\":\"https:\/\/abc-offices.com\/#website\",\"url\":\"https:\/\/abc-offices.com\/\",\"name\":\"ABC Translation\",\"description\":\"info@abc-offices.com\",\"potentialAction\":[{\"@type\":\"SearchAction\",\"target\":{\"@type\":\"EntryPoint\",\"urlTemplate\":\"https:\/\/abc-offices.com\/?s={search_term_string}\"},\"query-input\":{\"@type\":\"PropertyValueSpecification\",\"valueRequired\":true,\"valueName\":\"search_term_string\"}}],\"inLanguage\":\"es\"}]}<\/script>\n<!-- \/ Yoast SEO plugin. -->","yoast_head_json":{"title":"Traducci\u00f3n certificada en Bogot\u00e1 | Traductor jurado oficial Bogot\u00e1","description":"ABC Translation | Traducci\u00f3n certificada en Bogot\u00e1 | Traductor jurado en Bogot\u00e1 | Traducci\u00f3n oficial en Bogot\u00e1 | Traducci\u00f3n certificada","robots":{"index":"index","follow":"follow","max-snippet":"max-snippet:-1","max-image-preview":"max-image-preview:large","max-video-preview":"max-video-preview:-1"},"canonical":"https:\/\/abc-offices.com\/es\/colombia\/traduccion-certificada-en-colombia\/traduccion-certificada-en-bogota\/","og_locale":"es_ES","og_type":"article","og_title":"Traducci\u00f3n certificada en Bogot\u00e1 | Traductor jurado oficial Bogot\u00e1","og_description":"ABC Translation | Traducci\u00f3n certificada en Bogot\u00e1 | Traductor jurado en Bogot\u00e1 | Traducci\u00f3n oficial en Bogot\u00e1 | Traducci\u00f3n certificada","og_url":"https:\/\/abc-offices.com\/es\/colombia\/traduccion-certificada-en-colombia\/traduccion-certificada-en-bogota\/","og_site_name":"ABC Translation","article_modified_time":"2025-11-21T07:57:24+00:00","og_image":[{"width":1600,"height":923,"url":"https:\/\/abc-offices.com\/wp-content\/uploads\/2025\/09\/Bogota.webp","type":"image\/webp"}],"twitter_card":"summary_large_image","twitter_misc":{"Tiempo de lectura":"4 minutos"},"schema":{"@context":"https:\/\/schema.org","@graph":[{"@type":"WebPage","@id":"https:\/\/abc-offices.com\/es\/colombia\/traduccion-certificada-en-colombia\/traduccion-certificada-en-bogota\/","url":"https:\/\/abc-offices.com\/es\/colombia\/traduccion-certificada-en-colombia\/traduccion-certificada-en-bogota\/","name":"Traducci\u00f3n certificada en Bogot\u00e1 | Traductor jurado oficial Bogot\u00e1","isPartOf":{"@id":"https:\/\/abc-offices.com\/#website"},"primaryImageOfPage":{"@id":"https:\/\/abc-offices.com\/es\/colombia\/traduccion-certificada-en-colombia\/traduccion-certificada-en-bogota\/#primaryimage"},"image":{"@id":"https:\/\/abc-offices.com\/es\/colombia\/traduccion-certificada-en-colombia\/traduccion-certificada-en-bogota\/#primaryimage"},"thumbnailUrl":"https:\/\/abc-offices.com\/wp-content\/uploads\/2025\/09\/Bogota.webp","datePublished":"2025-09-01T18:39:47+00:00","dateModified":"2025-11-21T07:57:24+00:00","description":"ABC Translation | Traducci\u00f3n certificada en Bogot\u00e1 | Traductor jurado en Bogot\u00e1 | Traducci\u00f3n oficial en Bogot\u00e1 | Traducci\u00f3n certificada","breadcrumb":{"@id":"https:\/\/abc-offices.com\/es\/colombia\/traduccion-certificada-en-colombia\/traduccion-certificada-en-bogota\/#breadcrumb"},"inLanguage":"es","potentialAction":[{"@type":"ReadAction","target":["https:\/\/abc-offices.com\/es\/colombia\/traduccion-certificada-en-colombia\/traduccion-certificada-en-bogota\/"]}]},{"@type":"ImageObject","inLanguage":"es","@id":"https:\/\/abc-offices.com\/es\/colombia\/traduccion-certificada-en-colombia\/traduccion-certificada-en-bogota\/#primaryimage","url":"https:\/\/abc-offices.com\/wp-content\/uploads\/2025\/09\/Bogota.webp","contentUrl":"https:\/\/abc-offices.com\/wp-content\/uploads\/2025\/09\/Bogota.webp","width":1600,"height":923},{"@type":"BreadcrumbList","@id":"https:\/\/abc-offices.com\/es\/colombia\/traduccion-certificada-en-colombia\/traduccion-certificada-en-bogota\/#breadcrumb","itemListElement":[{"@type":"ListItem","position":1,"name":"Accueil","item":"https:\/\/abc-offices.com\/es\/"},{"@type":"ListItem","position":2,"name":"Colombia","item":"https:\/\/abc-offices.com\/es\/colombia\/"},{"@type":"ListItem","position":3,"name":"Traducci\u00f3n certificada en Colombia","item":"https:\/\/abc-offices.com\/es\/colombia\/traduccion-certificada-en-colombia\/"},{"@type":"ListItem","position":4,"name":"Traducci\u00f3n certificada en Bogot\u00e1"}]},{"@type":"WebSite","@id":"https:\/\/abc-offices.com\/#website","url":"https:\/\/abc-offices.com\/","name":"ABC Translation","description":"info@abc-offices.com","potentialAction":[{"@type":"SearchAction","target":{"@type":"EntryPoint","urlTemplate":"https:\/\/abc-offices.com\/?s={search_term_string}"},"query-input":{"@type":"PropertyValueSpecification","valueRequired":true,"valueName":"search_term_string"}}],"inLanguage":"es"}]}},"_links":{"self":[{"href":"https:\/\/abc-offices.com\/es\/wp-json\/wp\/v2\/pages\/499491","targetHints":{"allow":["GET"]}}],"collection":[{"href":"https:\/\/abc-offices.com\/es\/wp-json\/wp\/v2\/pages"}],"about":[{"href":"https:\/\/abc-offices.com\/es\/wp-json\/wp\/v2\/types\/page"}],"author":[{"embeddable":true,"href":"https:\/\/abc-offices.com\/es\/wp-json\/wp\/v2\/users\/1"}],"replies":[{"embeddable":true,"href":"https:\/\/abc-offices.com\/es\/wp-json\/wp\/v2\/comments?post=499491"}],"version-history":[{"count":1,"href":"https:\/\/abc-offices.com\/es\/wp-json\/wp\/v2\/pages\/499491\/revisions"}],"predecessor-version":[{"id":499834,"href":"https:\/\/abc-offices.com\/es\/wp-json\/wp\/v2\/pages\/499491\/revisions\/499834"}],"up":[{"embeddable":true,"href":"https:\/\/abc-offices.com\/es\/wp-json\/wp\/v2\/pages\/499462"}],"wp:featuredmedia":[{"embeddable":true,"href":"https:\/\/abc-offices.com\/es\/wp-json\/wp\/v2\/media\/499532"}],"wp:attachment":[{"href":"https:\/\/abc-offices.com\/es\/wp-json\/wp\/v2\/media?parent=499491"}],"curies":[{"name":"wp","href":"https:\/\/api.w.org\/{rel}","templated":true}]}}