{"id":499462,"date":"2025-09-01T20:31:28","date_gmt":"2025-09-01T18:31:28","guid":{"rendered":"https:\/\/abc-offices.com\/?page_id=499462"},"modified":"2025-11-21T08:49:20","modified_gmt":"2025-11-21T07:49:20","slug":"traduccion-certificada-en-colombia","status":"publish","type":"page","link":"https:\/\/abc-offices.com\/es\/colombia\/traduccion-certificada-en-colombia\/","title":{"rendered":"Traducci\u00f3n certificada en Colombia"},"content":{"rendered":"<h2><strong>Traducci\u00f3n certificada en Colombia<\/strong><\/h2>\n<p style=\"text-align: justify;\">Nuestra agencia, ABC Translation, est\u00e1 especializada desde hace muchos a\u00f1os en el \u00e1mbito de la traducci\u00f3n certificada. De hecho, estamos en condiciones de brindarle todos los servicios relacionados con este campo, ya sea una traducci\u00f3n oficial, una traducci\u00f3n simple o una interpretaci\u00f3n (traducci\u00f3n certificada en Colombia) en caso necesario.<\/p>\n<p style=\"text-align: justify;\">Con un equipo de m\u00e1s de 1000 traductores e int\u00e9rpretes, sabemos c\u00f3mo gestionar cualquier tipo de proyecto en plazos extremadamente breves. La calidad y la rapidez de respuesta son nuestro lema para obtener resultados siempre a la altura de las expectativas de nuestros clientes. Estamos presentes en todo el territorio colombiano. Gracias a esta presencia y a nuestra capacidad de respuesta, hemos podido evolucionar y ahora ofrecemos servicios de traducci\u00f3n en m\u00e1s de 60 idiomas diferentes (traducci\u00f3n certificada en Colombia).<\/p>\n<p style=\"text-align: justify;\"><strong>Traducci\u00f3n oficial:<\/strong><\/p>\n<p style=\"text-align: justify;\">Estamos especializados en la traducci\u00f3n certificada para facilitarle los tr\u00e1mites a su llegada a Colombia o con vistas a un viaje al extranjero. Las traducciones suelen ser legalizadas en primer lugar por nuestro notario y posteriormente en la canciller\u00eda mediante apostilla o legalizaci\u00f3n, seg\u00fan los convenios. Los plazos requeridos por los clientes suelen ser muy breves.<\/p>\n<p style=\"text-align: justify;\">Por esta raz\u00f3n hemos dispuesto un sistema que permite traducir, legalizar y apostillar los documentos en un tiempo r\u00e9cord. Por ejemplo, necesitamos dos d\u00edas para poder llevar a cabo los distintos tr\u00e1mites que precisa un documento de menos de 5 p\u00e1ginas. Estas traducciones pueden luego ser legalizadas por el consulado del pa\u00eds de destino si fuera necesario.<\/p>\n<p style=\"text-align: justify;\">La traducci\u00f3n oficial para el reconocimiento de sus diplomas extranjeros en Colombia tambi\u00e9n forma parte de nuestra gama de servicios. Una vez m\u00e1s, traducimos los documentos y luego los legalizamos por mediaci\u00f3n de nuestro notario para que puedan ser admitidos por los organismos competentes. De este modo, su expediente quedar\u00e1 listo para su consideraci\u00f3n por parte de los \u00f3rganos encargados de la homologaci\u00f3n y convalidaci\u00f3n de t\u00edtulos.<\/p>\n<p style=\"text-align: justify;\"><strong>Idiomas:<\/strong><\/p>\n<p style=\"text-align: justify;\">Afrik\u00e1ans | Alban\u00e9s | Alem\u00e1n | Americano | Am\u00e1rico | Ingl\u00e9s | \u00c1rabe | Armenio | Aimara | Azer\u00ed | Vasco | Bengal\u00ed | Bielorruso | Birmano | Bosnio | Egipcio | B\u00falgaro | Canton\u00e9s | Catal\u00e1n | Cingal\u00e9s | Chino | Chino simplificado | Chino tradicional | Coreano | Croata | Dan\u00e9s | Dar\u00ed | Espa\u00f1ol | Estonio | Ew\u00e9 | Farsi | Fin\u00e9s | Georgiano | Griego | Guaran\u00ed | Hebreo | Hindi | H\u00fangaro | Indonesio | Italiano | Japon\u00e9s | Kazajo | Jemer | Kirgu\u00eds | Kurdo | Lao | Let\u00f3n | Lingala | Lituano | Macedonio | Malayo | Malabar | Mandar\u00edn | Moldavo | Mongol | Montenegrino | Neerland\u00e9s | Noruego | Urdu | Uzbeko | Past\u00fan | Punyab\u00ed | Persa | Fula | Polaco | Portugu\u00e9s | Quechua | Rumano | Ruso | Serbio | Eslovaco | Esloveno | Sueco | Tamil | Checo | Tailand\u00e9s | Turco | Turcomano | Ucraniano | Vietnamita<\/p>\n<p style=\"text-align: justify;\"><strong>Documentos:<\/strong><\/p>\n<p style=\"text-align: justify;\">Certificado de nacimiento | Certificado de matrimonio | Certificado de estado civil | Atestado | Patente | Certificado de antecedentes penales | Certificado | Certificado de solter\u00eda | Certificado de defunci\u00f3n | Libro de familia | Certificado de trabajo | Declaraci\u00f3n de impuestos | Diploma | Pasaporte | Licencia de conducir | Testamento | Visado | Contrato | Convenio regulador de divorcio | Capitulaciones matrimoniales | Sentencia | Procedimiento | Poder notarial | Acta<\/p>\n<p style=\"text-align: justify;\">Para consultas relacionadas con cualquier otro idioma, no dude en ponerse en <a href=\"https:\/\/abc-offices.com\/es\/\">contacto con nosotros<\/a>.<\/p>\n<p><img loading=\"lazy\" decoding=\"async\" class=\"aligncenter wp-image-26 size-medium\" src=\"https:\/\/abc-office.ch\/wp-content\/uploads\/2018\/06\/imageedit_1_6241191614-300x300.gif\" alt=\"Traducci\u00f3n certificada en Colombia\" width=\"300\" height=\"300\" \/><\/p>\n","protected":false},"excerpt":{"rendered":"<p>Traducci\u00f3n certificada en Colombia Nuestra agencia, ABC Translation, est\u00e1 especializada desde hace muchos a\u00f1os en el \u00e1mbito de la traducci\u00f3n certificada. De hecho, estamos en condiciones de brindarle todos los servicios relacionados con este campo, ya sea una traducci\u00f3n oficial, una traducci\u00f3n simple o una interpretaci\u00f3n (traducci\u00f3n certificada en Colombia) en caso necesario. Con un&#8230;<\/p>\n","protected":false},"author":1,"featured_media":497422,"parent":499394,"menu_order":0,"comment_status":"closed","ping_status":"closed","template":"","meta":{"sfsi_plus_gutenberg_text_before_share":"","sfsi_plus_gutenberg_show_text_before_share":"","sfsi_plus_gutenberg_icon_type":"","sfsi_plus_gutenberg_icon_alignemt":"","sfsi_plus_gutenburg_max_per_row":"","footnotes":""},"class_list":["post-499462","page","type-page","status-publish","has-post-thumbnail","hentry"],"yoast_head":"<!-- This site is optimized with the Yoast SEO plugin v24.4 - https:\/\/yoast.com\/wordpress\/plugins\/seo\/ -->\n<title>Traducci\u00f3n certificada en Colombia | Traductor jurado en Colombia<\/title>\n<meta name=\"description\" content=\"ABC Translation | Traducci\u00f3n certificada en Colombia | Traductor jurado en Colombia | Traducci\u00f3n oficial en Colombia | Apostilla | Embajada\" \/>\n<meta name=\"robots\" content=\"index, follow, max-snippet:-1, max-image-preview:large, max-video-preview:-1\" \/>\n<link rel=\"canonical\" href=\"https:\/\/abc-offices.com\/es\/colombia\/traduccion-certificada-en-colombia\/\" \/>\n<meta property=\"og:locale\" content=\"es_ES\" \/>\n<meta property=\"og:type\" content=\"article\" \/>\n<meta property=\"og:title\" content=\"Traducci\u00f3n certificada en Colombia | Traductor jurado en Colombia\" \/>\n<meta property=\"og:description\" content=\"ABC Translation | Traducci\u00f3n certificada en Colombia | Traductor jurado en Colombia | Traducci\u00f3n oficial en Colombia | Apostilla | Embajada\" \/>\n<meta property=\"og:url\" content=\"https:\/\/abc-offices.com\/es\/colombia\/traduccion-certificada-en-colombia\/\" \/>\n<meta property=\"og:site_name\" content=\"ABC Translation\" \/>\n<meta property=\"article:modified_time\" content=\"2025-11-21T07:49:20+00:00\" \/>\n<meta property=\"og:image\" content=\"https:\/\/abc-offices.com\/wp-content\/uploads\/2024\/11\/Colombia.png\" \/>\n\t<meta property=\"og:image:width\" content=\"1280\" \/>\n\t<meta property=\"og:image:height\" content=\"854\" \/>\n\t<meta property=\"og:image:type\" content=\"image\/png\" \/>\n<meta name=\"twitter:card\" content=\"summary_large_image\" \/>\n<meta name=\"twitter:label1\" content=\"Tiempo de lectura\" \/>\n\t<meta name=\"twitter:data1\" content=\"3 minutos\" \/>\n<script type=\"application\/ld+json\" class=\"yoast-schema-graph\">{\"@context\":\"https:\/\/schema.org\",\"@graph\":[{\"@type\":\"WebPage\",\"@id\":\"https:\/\/abc-offices.com\/es\/colombia\/traduccion-certificada-en-colombia\/\",\"url\":\"https:\/\/abc-offices.com\/es\/colombia\/traduccion-certificada-en-colombia\/\",\"name\":\"Traducci\u00f3n certificada en Colombia | Traductor jurado en Colombia\",\"isPartOf\":{\"@id\":\"https:\/\/abc-offices.com\/#website\"},\"primaryImageOfPage\":{\"@id\":\"https:\/\/abc-offices.com\/es\/colombia\/traduccion-certificada-en-colombia\/#primaryimage\"},\"image\":{\"@id\":\"https:\/\/abc-offices.com\/es\/colombia\/traduccion-certificada-en-colombia\/#primaryimage\"},\"thumbnailUrl\":\"https:\/\/abc-offices.com\/wp-content\/uploads\/2024\/11\/Colombia.png\",\"datePublished\":\"2025-09-01T18:31:28+00:00\",\"dateModified\":\"2025-11-21T07:49:20+00:00\",\"description\":\"ABC Translation | Traducci\u00f3n certificada en Colombia | Traductor jurado en Colombia | Traducci\u00f3n oficial en Colombia | Apostilla | Embajada\",\"breadcrumb\":{\"@id\":\"https:\/\/abc-offices.com\/es\/colombia\/traduccion-certificada-en-colombia\/#breadcrumb\"},\"inLanguage\":\"es\",\"potentialAction\":[{\"@type\":\"ReadAction\",\"target\":[\"https:\/\/abc-offices.com\/es\/colombia\/traduccion-certificada-en-colombia\/\"]}]},{\"@type\":\"ImageObject\",\"inLanguage\":\"es\",\"@id\":\"https:\/\/abc-offices.com\/es\/colombia\/traduccion-certificada-en-colombia\/#primaryimage\",\"url\":\"https:\/\/abc-offices.com\/wp-content\/uploads\/2024\/11\/Colombia.png\",\"contentUrl\":\"https:\/\/abc-offices.com\/wp-content\/uploads\/2024\/11\/Colombia.png\",\"width\":1280,\"height\":854},{\"@type\":\"BreadcrumbList\",\"@id\":\"https:\/\/abc-offices.com\/es\/colombia\/traduccion-certificada-en-colombia\/#breadcrumb\",\"itemListElement\":[{\"@type\":\"ListItem\",\"position\":1,\"name\":\"Accueil\",\"item\":\"https:\/\/abc-offices.com\/es\/\"},{\"@type\":\"ListItem\",\"position\":2,\"name\":\"Colombia\",\"item\":\"https:\/\/abc-offices.com\/es\/colombia\/\"},{\"@type\":\"ListItem\",\"position\":3,\"name\":\"Traducci\u00f3n certificada en Colombia\"}]},{\"@type\":\"WebSite\",\"@id\":\"https:\/\/abc-offices.com\/#website\",\"url\":\"https:\/\/abc-offices.com\/\",\"name\":\"ABC Translation\",\"description\":\"info@abc-offices.com\",\"potentialAction\":[{\"@type\":\"SearchAction\",\"target\":{\"@type\":\"EntryPoint\",\"urlTemplate\":\"https:\/\/abc-offices.com\/?s={search_term_string}\"},\"query-input\":{\"@type\":\"PropertyValueSpecification\",\"valueRequired\":true,\"valueName\":\"search_term_string\"}}],\"inLanguage\":\"es\"}]}<\/script>\n<!-- \/ Yoast SEO plugin. -->","yoast_head_json":{"title":"Traducci\u00f3n certificada en Colombia | Traductor jurado en Colombia","description":"ABC Translation | Traducci\u00f3n certificada en Colombia | Traductor jurado en Colombia | Traducci\u00f3n oficial en Colombia | Apostilla | Embajada","robots":{"index":"index","follow":"follow","max-snippet":"max-snippet:-1","max-image-preview":"max-image-preview:large","max-video-preview":"max-video-preview:-1"},"canonical":"https:\/\/abc-offices.com\/es\/colombia\/traduccion-certificada-en-colombia\/","og_locale":"es_ES","og_type":"article","og_title":"Traducci\u00f3n certificada en Colombia | Traductor jurado en Colombia","og_description":"ABC Translation | Traducci\u00f3n certificada en Colombia | Traductor jurado en Colombia | Traducci\u00f3n oficial en Colombia | Apostilla | Embajada","og_url":"https:\/\/abc-offices.com\/es\/colombia\/traduccion-certificada-en-colombia\/","og_site_name":"ABC Translation","article_modified_time":"2025-11-21T07:49:20+00:00","og_image":[{"width":1280,"height":854,"url":"https:\/\/abc-offices.com\/wp-content\/uploads\/2024\/11\/Colombia.png","type":"image\/png"}],"twitter_card":"summary_large_image","twitter_misc":{"Tiempo de lectura":"3 minutos"},"schema":{"@context":"https:\/\/schema.org","@graph":[{"@type":"WebPage","@id":"https:\/\/abc-offices.com\/es\/colombia\/traduccion-certificada-en-colombia\/","url":"https:\/\/abc-offices.com\/es\/colombia\/traduccion-certificada-en-colombia\/","name":"Traducci\u00f3n certificada en Colombia | Traductor jurado en Colombia","isPartOf":{"@id":"https:\/\/abc-offices.com\/#website"},"primaryImageOfPage":{"@id":"https:\/\/abc-offices.com\/es\/colombia\/traduccion-certificada-en-colombia\/#primaryimage"},"image":{"@id":"https:\/\/abc-offices.com\/es\/colombia\/traduccion-certificada-en-colombia\/#primaryimage"},"thumbnailUrl":"https:\/\/abc-offices.com\/wp-content\/uploads\/2024\/11\/Colombia.png","datePublished":"2025-09-01T18:31:28+00:00","dateModified":"2025-11-21T07:49:20+00:00","description":"ABC Translation | Traducci\u00f3n certificada en Colombia | Traductor jurado en Colombia | Traducci\u00f3n oficial en Colombia | Apostilla | Embajada","breadcrumb":{"@id":"https:\/\/abc-offices.com\/es\/colombia\/traduccion-certificada-en-colombia\/#breadcrumb"},"inLanguage":"es","potentialAction":[{"@type":"ReadAction","target":["https:\/\/abc-offices.com\/es\/colombia\/traduccion-certificada-en-colombia\/"]}]},{"@type":"ImageObject","inLanguage":"es","@id":"https:\/\/abc-offices.com\/es\/colombia\/traduccion-certificada-en-colombia\/#primaryimage","url":"https:\/\/abc-offices.com\/wp-content\/uploads\/2024\/11\/Colombia.png","contentUrl":"https:\/\/abc-offices.com\/wp-content\/uploads\/2024\/11\/Colombia.png","width":1280,"height":854},{"@type":"BreadcrumbList","@id":"https:\/\/abc-offices.com\/es\/colombia\/traduccion-certificada-en-colombia\/#breadcrumb","itemListElement":[{"@type":"ListItem","position":1,"name":"Accueil","item":"https:\/\/abc-offices.com\/es\/"},{"@type":"ListItem","position":2,"name":"Colombia","item":"https:\/\/abc-offices.com\/es\/colombia\/"},{"@type":"ListItem","position":3,"name":"Traducci\u00f3n certificada en Colombia"}]},{"@type":"WebSite","@id":"https:\/\/abc-offices.com\/#website","url":"https:\/\/abc-offices.com\/","name":"ABC Translation","description":"info@abc-offices.com","potentialAction":[{"@type":"SearchAction","target":{"@type":"EntryPoint","urlTemplate":"https:\/\/abc-offices.com\/?s={search_term_string}"},"query-input":{"@type":"PropertyValueSpecification","valueRequired":true,"valueName":"search_term_string"}}],"inLanguage":"es"}]}},"_links":{"self":[{"href":"https:\/\/abc-offices.com\/es\/wp-json\/wp\/v2\/pages\/499462","targetHints":{"allow":["GET"]}}],"collection":[{"href":"https:\/\/abc-offices.com\/es\/wp-json\/wp\/v2\/pages"}],"about":[{"href":"https:\/\/abc-offices.com\/es\/wp-json\/wp\/v2\/types\/page"}],"author":[{"embeddable":true,"href":"https:\/\/abc-offices.com\/es\/wp-json\/wp\/v2\/users\/1"}],"replies":[{"embeddable":true,"href":"https:\/\/abc-offices.com\/es\/wp-json\/wp\/v2\/comments?post=499462"}],"version-history":[{"count":1,"href":"https:\/\/abc-offices.com\/es\/wp-json\/wp\/v2\/pages\/499462\/revisions"}],"predecessor-version":[{"id":499475,"href":"https:\/\/abc-offices.com\/es\/wp-json\/wp\/v2\/pages\/499462\/revisions\/499475"}],"up":[{"embeddable":true,"href":"https:\/\/abc-offices.com\/es\/wp-json\/wp\/v2\/pages\/499394"}],"wp:featuredmedia":[{"embeddable":true,"href":"https:\/\/abc-offices.com\/es\/wp-json\/wp\/v2\/media\/497422"}],"wp:attachment":[{"href":"https:\/\/abc-offices.com\/es\/wp-json\/wp\/v2\/media?parent=499462"}],"curies":[{"name":"wp","href":"https:\/\/api.w.org\/{rel}","templated":true}]}}