{"id":496800,"date":"2023-09-08T17:37:20","date_gmt":"2023-09-08T15:37:20","guid":{"rendered":"https:\/\/abc-offices.com\/?page_id=496800"},"modified":"2025-11-20T18:52:35","modified_gmt":"2025-11-20T17:52:35","slug":"inicio","status":"publish","type":"page","link":"https:\/\/abc-offices.com\/es\/","title":{"rendered":"Inicio"},"content":{"rendered":"<h2>ABC Translation<\/h2>\n<p style=\"text-align: justify;\">ABC Translation est\u00e1 especializada en diversas \u00e1reas, como la traducci\u00f3n certificada, legalizaciones, apostillas y legalizaciones de embajadas o consulados. Con un equipo que supera los 1000 empleados en todo el mundo, ABC Translation es l\u00edder en estos \u00e1mbitos y es capaz de actuar con gran rapidez gracias a su amplio equipo de profesionales cualificados. Nuestra compa\u00f1\u00eda cuenta con representantes de 55 nacionalidades diferentes y tiene v\u00ednculos con m\u00e1s de 85 pa\u00edses. Ha sacado partido de la globalizaci\u00f3n para atraer a una clientela cada vez m\u00e1s exigente.<\/p>\n<p>ABC Translation en cifras:<\/p>\n<ul>\n<li>1000 empleados en todo el mundo<\/li>\n<li>60 idiomas hablados<\/li>\n<li>7000 proyectos al a\u00f1o<\/li>\n<li>M\u00e1s de 10 a\u00f1os de experiencia<\/li>\n<li>M\u00e1s de 1000 clientes profesionales habituales<\/li>\n<li>M\u00e1s de 4000 clientes particulares al a\u00f1o<\/li>\n<\/ul>\n<p style=\"text-align: justify;\">Colaboramos con varias notar\u00edas para poder legalizar los distintos documentos en el menor tiempo posible. Para los documentos con destino al extranjero, trabajamos con embajadas, consulados y canciller\u00edas. Esta sinergia entre las distintas entidades nos permite actuar con celeridad para poder traducir y legalizar sus documentos en un tiempo r\u00e9cord. Adem\u00e1s, nuestro servicio de mensajer\u00eda por bicicleta garantiza la entrega de documentos a las distintas oficinas respetando el medio ambiente. Asimismo utilizamos los servicios postales y DHL para entregar el env\u00edo final en cualquier destino del mundo.<\/p>\n<p style=\"text-align: justify;\">La calidad y la rapidez de nuestros servicios han marcado la diferencia a lo largo de los a\u00f1os. En este sector, la capacidad de respuesta es la clave del \u00e9xito. Nuestra infraestructura ha sido dise\u00f1ada para poder responder con mayor rapidez a las demandas de los clientes. Puede contactar r\u00e1pidamente con nosotros a trav\u00e9s del tel\u00e9fono o del correo electr\u00f3nico. Tambi\u00e9n puede utilizar el formulario de contacto disponible en el lado derecho de esta p\u00e1gina, especialmente para el env\u00edo de documentos. Por lo general, enviamos la cotizaci\u00f3n entre 10 y 20 minutos despu\u00e9s de recibir los archivos. El presupuesto incluir\u00e1 el precio total y el plazo de entrega del proyecto.<\/p>\n<p style=\"text-align: justify;\">Todo el equipo queda a su entera disposici\u00f3n y espera poder colaborar con <a href=\"https:\/\/abc-offices.com\/\">usted<\/a>.<\/p>\n<p><img loading=\"lazy\" decoding=\"async\" class=\"aligncenter wp-image-298\" src=\"https:\/\/abc-office.ch\/wp-content\/uploads\/2020\/03\/bim91-1024x682.jpg\" alt=\"ABC Translation\" width=\"609\" height=\"406\" \/><\/p>\n","protected":false},"excerpt":{"rendered":"<p>ABC Translation ABC Translation est\u00e1 especializada en diversas \u00e1reas, como la traducci\u00f3n certificada, legalizaciones, apostillas y legalizaciones de embajadas o consulados. Con un equipo que supera los 1000 empleados en todo el mundo, ABC Translation es l\u00edder en estos \u00e1mbitos y es capaz de actuar con gran rapidez gracias a su amplio equipo de profesionales&#8230;<\/p>\n","protected":false},"author":1,"featured_media":496805,"parent":0,"menu_order":0,"comment_status":"closed","ping_status":"closed","template":"","meta":{"sfsi_plus_gutenberg_text_before_share":"","sfsi_plus_gutenberg_show_text_before_share":"","sfsi_plus_gutenberg_icon_type":"","sfsi_plus_gutenberg_icon_alignemt":"","sfsi_plus_gutenburg_max_per_row":"","footnotes":""},"class_list":["post-496800","page","type-page","status-publish","has-post-thumbnail","hentry"],"yoast_head":"<!-- This site is optimized with the Yoast SEO plugin v24.4 - https:\/\/yoast.com\/wordpress\/plugins\/seo\/ -->\n<title>ABC Translation | Traducci\u00f3n certificada | Legalizaci\u00f3n | Apostilla<\/title>\n<meta name=\"description\" content=\"ABC Translation | Traducci\u00f3n certificada | Traducci\u00f3n jurada | Traducci\u00f3n oficial | Legalizaci\u00f3n | Apostilla | Embajada | Consulado\" \/>\n<meta name=\"robots\" content=\"index, follow, max-snippet:-1, max-image-preview:large, max-video-preview:-1\" \/>\n<link rel=\"canonical\" href=\"https:\/\/abc-offices.com\/es\/\" \/>\n<meta property=\"og:locale\" content=\"es_ES\" \/>\n<meta property=\"og:type\" content=\"article\" \/>\n<meta property=\"og:title\" content=\"ABC Translation | Traducci\u00f3n certificada | Legalizaci\u00f3n | Apostilla\" \/>\n<meta property=\"og:description\" content=\"ABC Translation | Traducci\u00f3n certificada | Traducci\u00f3n jurada | Traducci\u00f3n oficial | Legalizaci\u00f3n | Apostilla | Embajada | Consulado\" \/>\n<meta property=\"og:url\" content=\"https:\/\/abc-offices.com\/es\/\" \/>\n<meta property=\"og:site_name\" content=\"ABC Translation\" \/>\n<meta property=\"article:modified_time\" content=\"2025-11-20T17:52:35+00:00\" \/>\n<meta property=\"og:image\" content=\"https:\/\/abc-offices.com\/wp-content\/uploads\/2023\/09\/World-1.jpg\" \/>\n\t<meta property=\"og:image:width\" content=\"1920\" \/>\n\t<meta property=\"og:image:height\" content=\"1080\" \/>\n\t<meta property=\"og:image:type\" content=\"image\/jpeg\" \/>\n<meta name=\"twitter:card\" content=\"summary_large_image\" \/>\n<meta name=\"twitter:label1\" content=\"Tiempo de lectura\" \/>\n\t<meta name=\"twitter:data1\" content=\"2 minutos\" \/>\n<script type=\"application\/ld+json\" class=\"yoast-schema-graph\">{\"@context\":\"https:\/\/schema.org\",\"@graph\":[{\"@type\":\"WebPage\",\"@id\":\"https:\/\/abc-offices.com\/es\/\",\"url\":\"https:\/\/abc-offices.com\/es\/\",\"name\":\"ABC Translation | Traducci\u00f3n certificada | Legalizaci\u00f3n | Apostilla\",\"isPartOf\":{\"@id\":\"https:\/\/abc-offices.com\/#website\"},\"primaryImageOfPage\":{\"@id\":\"https:\/\/abc-offices.com\/es\/#primaryimage\"},\"image\":{\"@id\":\"https:\/\/abc-offices.com\/es\/#primaryimage\"},\"thumbnailUrl\":\"https:\/\/abc-offices.com\/wp-content\/uploads\/2023\/09\/World-1.jpg\",\"datePublished\":\"2023-09-08T15:37:20+00:00\",\"dateModified\":\"2025-11-20T17:52:35+00:00\",\"description\":\"ABC Translation | Traducci\u00f3n certificada | Traducci\u00f3n jurada | Traducci\u00f3n oficial | Legalizaci\u00f3n | Apostilla | Embajada | Consulado\",\"breadcrumb\":{\"@id\":\"https:\/\/abc-offices.com\/es\/#breadcrumb\"},\"inLanguage\":\"es\",\"potentialAction\":[{\"@type\":\"ReadAction\",\"target\":[\"https:\/\/abc-offices.com\/es\/\"]}]},{\"@type\":\"ImageObject\",\"inLanguage\":\"es\",\"@id\":\"https:\/\/abc-offices.com\/es\/#primaryimage\",\"url\":\"https:\/\/abc-offices.com\/wp-content\/uploads\/2023\/09\/World-1.jpg\",\"contentUrl\":\"https:\/\/abc-offices.com\/wp-content\/uploads\/2023\/09\/World-1.jpg\",\"width\":1920,\"height\":1080},{\"@type\":\"BreadcrumbList\",\"@id\":\"https:\/\/abc-offices.com\/es\/#breadcrumb\",\"itemListElement\":[{\"@type\":\"ListItem\",\"position\":1,\"name\":\"Accueil\",\"item\":\"https:\/\/abc-offices.com\/es\/\"},{\"@type\":\"ListItem\",\"position\":2,\"name\":\"Inicio\"}]},{\"@type\":\"WebSite\",\"@id\":\"https:\/\/abc-offices.com\/#website\",\"url\":\"https:\/\/abc-offices.com\/\",\"name\":\"ABC Translation\",\"description\":\"info@abc-offices.com\",\"potentialAction\":[{\"@type\":\"SearchAction\",\"target\":{\"@type\":\"EntryPoint\",\"urlTemplate\":\"https:\/\/abc-offices.com\/?s={search_term_string}\"},\"query-input\":{\"@type\":\"PropertyValueSpecification\",\"valueRequired\":true,\"valueName\":\"search_term_string\"}}],\"inLanguage\":\"es\"}]}<\/script>\n<!-- \/ Yoast SEO plugin. -->","yoast_head_json":{"title":"ABC Translation | Traducci\u00f3n certificada | Legalizaci\u00f3n | Apostilla","description":"ABC Translation | Traducci\u00f3n certificada | Traducci\u00f3n jurada | Traducci\u00f3n oficial | Legalizaci\u00f3n | Apostilla | Embajada | Consulado","robots":{"index":"index","follow":"follow","max-snippet":"max-snippet:-1","max-image-preview":"max-image-preview:large","max-video-preview":"max-video-preview:-1"},"canonical":"https:\/\/abc-offices.com\/es\/","og_locale":"es_ES","og_type":"article","og_title":"ABC Translation | Traducci\u00f3n certificada | Legalizaci\u00f3n | Apostilla","og_description":"ABC Translation | Traducci\u00f3n certificada | Traducci\u00f3n jurada | Traducci\u00f3n oficial | Legalizaci\u00f3n | Apostilla | Embajada | Consulado","og_url":"https:\/\/abc-offices.com\/es\/","og_site_name":"ABC Translation","article_modified_time":"2025-11-20T17:52:35+00:00","og_image":[{"width":1920,"height":1080,"url":"https:\/\/abc-offices.com\/wp-content\/uploads\/2023\/09\/World-1.jpg","type":"image\/jpeg"}],"twitter_card":"summary_large_image","twitter_misc":{"Tiempo de lectura":"2 minutos"},"schema":{"@context":"https:\/\/schema.org","@graph":[{"@type":"WebPage","@id":"https:\/\/abc-offices.com\/es\/","url":"https:\/\/abc-offices.com\/es\/","name":"ABC Translation | Traducci\u00f3n certificada | Legalizaci\u00f3n | Apostilla","isPartOf":{"@id":"https:\/\/abc-offices.com\/#website"},"primaryImageOfPage":{"@id":"https:\/\/abc-offices.com\/es\/#primaryimage"},"image":{"@id":"https:\/\/abc-offices.com\/es\/#primaryimage"},"thumbnailUrl":"https:\/\/abc-offices.com\/wp-content\/uploads\/2023\/09\/World-1.jpg","datePublished":"2023-09-08T15:37:20+00:00","dateModified":"2025-11-20T17:52:35+00:00","description":"ABC Translation | Traducci\u00f3n certificada | Traducci\u00f3n jurada | Traducci\u00f3n oficial | Legalizaci\u00f3n | Apostilla | Embajada | Consulado","breadcrumb":{"@id":"https:\/\/abc-offices.com\/es\/#breadcrumb"},"inLanguage":"es","potentialAction":[{"@type":"ReadAction","target":["https:\/\/abc-offices.com\/es\/"]}]},{"@type":"ImageObject","inLanguage":"es","@id":"https:\/\/abc-offices.com\/es\/#primaryimage","url":"https:\/\/abc-offices.com\/wp-content\/uploads\/2023\/09\/World-1.jpg","contentUrl":"https:\/\/abc-offices.com\/wp-content\/uploads\/2023\/09\/World-1.jpg","width":1920,"height":1080},{"@type":"BreadcrumbList","@id":"https:\/\/abc-offices.com\/es\/#breadcrumb","itemListElement":[{"@type":"ListItem","position":1,"name":"Accueil","item":"https:\/\/abc-offices.com\/es\/"},{"@type":"ListItem","position":2,"name":"Inicio"}]},{"@type":"WebSite","@id":"https:\/\/abc-offices.com\/#website","url":"https:\/\/abc-offices.com\/","name":"ABC Translation","description":"info@abc-offices.com","potentialAction":[{"@type":"SearchAction","target":{"@type":"EntryPoint","urlTemplate":"https:\/\/abc-offices.com\/?s={search_term_string}"},"query-input":{"@type":"PropertyValueSpecification","valueRequired":true,"valueName":"search_term_string"}}],"inLanguage":"es"}]}},"_links":{"self":[{"href":"https:\/\/abc-offices.com\/es\/wp-json\/wp\/v2\/pages\/496800","targetHints":{"allow":["GET"]}}],"collection":[{"href":"https:\/\/abc-offices.com\/es\/wp-json\/wp\/v2\/pages"}],"about":[{"href":"https:\/\/abc-offices.com\/es\/wp-json\/wp\/v2\/types\/page"}],"author":[{"embeddable":true,"href":"https:\/\/abc-offices.com\/es\/wp-json\/wp\/v2\/users\/1"}],"replies":[{"embeddable":true,"href":"https:\/\/abc-offices.com\/es\/wp-json\/wp\/v2\/comments?post=496800"}],"version-history":[{"count":1,"href":"https:\/\/abc-offices.com\/es\/wp-json\/wp\/v2\/pages\/496800\/revisions"}],"predecessor-version":[{"id":497504,"href":"https:\/\/abc-offices.com\/es\/wp-json\/wp\/v2\/pages\/496800\/revisions\/497504"}],"wp:featuredmedia":[{"embeddable":true,"href":"https:\/\/abc-offices.com\/es\/wp-json\/wp\/v2\/media\/496805"}],"wp:attachment":[{"href":"https:\/\/abc-offices.com\/es\/wp-json\/wp\/v2\/media?parent=496800"}],"curies":[{"name":"wp","href":"https:\/\/api.w.org\/{rel}","templated":true}]}}